{"id":2170,"date":"2017-10-16T16:00:05","date_gmt":"2017-10-16T14:00:05","guid":{"rendered":"http:\/\/www.distillerielehmann.com\/?page_id=2170"},"modified":"2019-05-03T16:40:08","modified_gmt":"2019-05-03T14:40:08","slug":"mentions-legales","status":"publish","type":"page","link":"https:\/\/distillerielehmann.com\/en\/mentions-legales\/","title":{"rendered":"LEGAL MATTERS"},"content":{"rendered":"<div class=\"container-fluid\">\n<div class=\"row\">\n<div class=\"col-md-10 col-md-offset-1\">\n<h2 class=\"title\" style=\"text-align: center; margin-top: 40px; margin-bottom: 20px;\">Informations g\u00e9n\u00e9rales<\/h2>\n<p>Le site internet \u00ab<a href=\"#\">www.distillerielehmann.com<\/a>\u00bb est la propri\u00e9t\u00e9 de la Distillerie Artisanale Lehmann SARL, soci\u00e9t\u00e9 \u00e0 responsabilit\u00e9 limit\u00e9e au capital de 38112.25 \u20ac, immatricul\u00e9e au Registre du Commerce et des Soci\u00e9t\u00e9s de Saverne (67), sous le n\u00b0 675 680 219 00036,\u00a0et dont le n\u00b0 de TVA intracommunautaire est FR 47 675 680 219<\/p>\n<p>Distillerie Artisanale Lehmann SARL<br \/>\nSi\u00e8ge social : Chemin des Peupliers, 67210 OBERNAI, France.<\/p>\n<p>Le Directeur de la Publication du site internet \u00ab<a href=\"#\">www.distillerielehmann.com<\/a>\u00bb est Madame Simone LEHMANN-NAGEL, en qualit\u00e9 de Responsable Marketing &amp; Communication<\/p>\n<p>Le service en charge du suivi du site internet \u00ab<a href=\"#\">www.distillerielehmann.com<\/a>\u00bb est le service Marketing et Communication de la Distillerie Artisanale Lehmann<\/p>\n<p>La soci\u00e9t\u00e9 qui a con\u00e7u et r\u00e9alis\u00e9 le site internet \u00ab<a href=\"#\">www.distillerielehmann.com<\/a>\u00bb est la soci\u00e9t\u00e9 \u00ab <a href=\"http:\/\/www.netsive.com\">Netsive \u2013 Agence Marketing &amp; Communication<\/a> \u00bb \u2013 N8 H3 Z.I Am Bruch, L-3327, Crauthem , Luxembourg , immatricul\u00e9e au Registre du Commerce &amp; des soci\u00e9t\u00e9s du Luxembourg sous le n\u00b0 B170781<\/p>\n<p>La soci\u00e9t\u00e9 assurant l\u2019h\u00e9bergement, le stockage direct et permanent est \u00ab Netsive \u2013 Agence Marketing &amp; Communication \u00bb &#8211; <a href=\"http:\/\/www.netsive.com\">www.netsive.com<\/a><\/p>\n<h2 class=\"title\" style=\"text-align: center; margin-top: 40px; margin-bottom: 20px;\">Conditions d\u2019utilisation<\/h2>\n<p>L\u2019utilisateur du site internet \u00ab<a href=\"#\">www.distillerielehmann.com<\/a>\u00bb reconna\u00eet avoir pris connaissance des pr\u00e9sentes conditions d\u2019utilisation du site et s\u2019engage \u00e0 les respecter.<\/p>\n<p>L\u2019utilisateur du site internet reconna\u00eet disposer de la comp\u00e9tence et des moyens n\u00e9cessaires pour acc\u00e9der et utiliser ce site ainsi que de la capacit\u00e9 juridique tant pour visiter le pr\u00e9sent site et\/ou toute page directement accessible que pour conclure un accord, de quelle que nature que ce soit. L\u2019utilisateur du site internet \u00ab<a href=\"#\">www.distillerielehmann.com<\/a>\u00bb reconna\u00eet avoir v\u00e9rifi\u00e9 que sa configuration informatique utilis\u00e9e ne contient aucun virus et qu\u2019elle est en parfait \u00e9tat de fonctionnement. L\u2019utilisateur reconna\u00eet avoir \u00e9t\u00e9 inform\u00e9 que le site internet \u00ab<a href=\"#\">www.distillerielehmann.com<\/a>\u00bb est accessible 24 h\/24 et 7 jours\/7, \u00e0 l\u2019exception des cas de force majeure, difficult\u00e9s informatique, difficult\u00e9s li\u00e9es \u00e0 la structure des r\u00e9seaux de t\u00e9l\u00e9communications ou difficult\u00e9s d\u2019ordre technique ou de maintenance.<\/p>\n<h2 class=\"title\" style=\"text-align: center; margin-top: 40px; margin-bottom: 20px;\">Responsabilit\u00e9s<\/h2>\n<p>La Distillerie Artisanale Lehmann SARL d\u00e9cline toute responsabilit\u00e9 en cas de difficult\u00e9 d\u2019acc\u00e8s \u00e0 son site ou d\u2019interruption dans la connexion quelle qu\u2019en soit la cause. De plus, La Distillerie Artisanale Lehmann SARL ne saurait \u00eatre tenue pour responsable d\u2019un dommage ou d\u2019un virus qui pourrait infecter l\u2019ordinateur ou le mat\u00e9riel informatique de l\u2019utilisateur, \u00e0 la suite d\u2019une utilisation ou de l\u2019acc\u00e8s au site.<\/p>\n<h2 class=\"title\" style=\"text-align: center; margin-top: 40px; margin-bottom: 20px;\">Informations contenues dans le site<\/h2>\n<p>Les informations contenues sur le site internet \u00ab<a href=\"#\">www.distillerielehmann.com<\/a>\u00bb le sont \u00e0 titre informatif. La Distillerie Artisanale Lehmann SARL ne saurait garantir l\u2019exactitude, la pr\u00e9cision, l\u2019exhaustivit\u00e9 et l\u2019actualit\u00e9 des informations mises \u00e0 disposition sur le site. La Distillerie Artisanale Lehmann SARL met tout en \u0153uvre pour offrir aux utilisateurs des informations v\u00e9rifi\u00e9es, mais ne saurait \u00eatre tenue pour responsable des erreurs, impr\u00e9cisions ou omissions portant sur des informations et des services disponibles sur ce site. Les informations et documents relatifs \u00e0 la Distillerie Artisanale Lehmann SARL sont non contractuels. En cons\u00e9quence, l\u2019utilisateur reconna\u00eet se servir de ces informations sous sa responsabilit\u00e9 exclusive.<\/p>\n<h2 class=\"title\" style=\"text-align: center; margin-top: 40px; margin-bottom: 20px;\">\u00c9volution du site<\/h2>\n<p>Les \u00e9l\u00e9ments pr\u00e9sent\u00e9s sur ce site sont susceptibles de modification sans pr\u00e9avis et sont mis \u00e0 disposition sans aucune garantie, expresse ou implicite, d\u2019aucune sorte et ne peuvent donner lieu \u00e0 un droit \u00e0 d\u00e9dommagement.<\/p>\n<h2 class=\"title\" style=\"text-align: center; margin-top: 40px; margin-bottom: 20px;\">Donn\u00e9es personnelles<\/h2>\n<p>Les donn\u00e9es collect\u00e9es sur ce site sont destin\u00e9es \u00e0 la Distillerie Artisanale Lehmann SARL qui, de convention expresse, est autoris\u00e9e \u00e0 les conserver en m\u00e9moire informatique.<br \/>\nEn application de la loi n\u00b078-17 du 6 janvier 1978 relative \u00e0 l\u2019informatique, aux fichiers et aux libert\u00e9s, l\u2019utilisateur dispose des droits d\u2019opposition (article 38 de la loi), d\u2019acc\u00e8s (art. 39 de la loi) de rectification (art.40 de la loi) et de suppression des donn\u00e9es le concernant. Chaque utilisateur peut exiger que soient rectifi\u00e9es, compl\u00e9t\u00e9es, mises \u00e0 jour ou effac\u00e9es les informations qui sont inexactes.<br \/>\nL\u2019utilisateur peut exercer les droits pr\u00e9c\u00e9demment \u00e9num\u00e9r\u00e9s en justifiant de son identit\u00e9 en s\u2019adressant au webmestre du site.<br \/>\nLes informations communiqu\u00e9es sont destin\u00e9es \u00e0 la Distillerie Artisanale Lehmann SARL, en tant que responsable du traitement, \u00e0 des fins de gestion administrative et commerciale.<br \/>\nAucune information personnelle de l\u2019utilisateur du site internet \u00ab<a href=\"#\">www.distillerielehmann.com<\/a>\u00bb n\u2019est publi\u00e9e \u00e0 l\u2019insu de l\u2019utilisateur, \u00e9chang\u00e9e, transf\u00e9r\u00e9e, c\u00e9d\u00e9e ou vendue sur un support quelconque \u00e0 des tiers.<br \/>\nA d\u00e9faut de renseigner les informations obligatoires, les demandes de l\u2019utilisateur ne pourront \u00eatre trait\u00e9es.<\/p>\n<h2 class=\"title\" style=\"text-align: center; margin-top: 40px; margin-bottom: 20px;\">Propri\u00e9t\u00e9 intellectuelle<\/h2>\n<p>La Distillerie Artisanale Lehmann SARL est d\u00e9tentrice des droits d\u2019exploitation ou d\u00e9tient des droits d\u2019usage sur tous les \u00e9l\u00e9ments accessibles sur le site, notamment les textes, images, graphismes, logo, ic\u00f4nes, sons, logiciels.<br \/>\nToute reproduction, repr\u00e9sentation, modification, publication, transmission, d\u00e9naturation, totale ou partielle du site ou de son contenu, par quelque proc\u00e9d\u00e9 que ce soit, et sur quelque support que ce soit est interdite.<br \/>\nToute exploitation non autoris\u00e9e du site ou de son contenu, des informations qui y sont diffus\u00e9es engagerait la responsabilit\u00e9 de l\u2019utilisateur et constituerait une contrefa\u00e7on sanctionn\u00e9e par les articles L. 335-2 et suivants du Code de la propri\u00e9t\u00e9 intellectuelle.<br \/>\nDans l\u2019hypoth\u00e8se o\u00f9 l\u2019utilisateur souhaiterait utiliser un des contenus du site (texte, image), ce dernier devra obtenir l\u2019autorisation \u00e9crite, expresse et pr\u00e9alable de la Distillerie Artisanale Lehmann SARL en envoyant un courriel au webmestre.<\/p>\n<h2 class=\"title\" style=\"text-align: center; margin-top: 40px; margin-bottom: 20px;\">Marques et Logos<\/h2>\n<p>Les marques et logos figurant sur le site sont des marques d\u00e9pos\u00e9es par leurs propri\u00e9taires respectifs. Conform\u00e9ment \u00e0 la l\u00e9gislation fran\u00e7aise toute reproduction ou repr\u00e9sentation totale ou partielle de ces marques ou logos, seules ou int\u00e9gr\u00e9es \u00e0 d\u2019autres \u00e9l\u00e9ments, sans l\u2019autorisation \u00e9crite, expresse et pr\u00e9alable du propri\u00e9taire de la marque ou du logo est prohib\u00e9e, et engagerait la responsabilit\u00e9 de l\u2019utilisateur au sens des articles L. 713-2 et L. 713-3 du Code de la propri\u00e9t\u00e9 intellectuelle.<\/p>\n<p>ELSASS WHISKY\u00a9 est une marque d\u00e9pos\u00e9e \u00e0 l&#8217;Institut Nationale de la Propri\u00e9t\u00e9 Industrielle (INPI), tous les droits sont r\u00e9serv\u00e9s.<\/p>\n<h2 class=\"title\" style=\"text-align: center; margin-top: 40px; margin-bottom: 20px;\">Liens hypertextes et T\u00e9moins de connexions (cookies)<\/h2>\n<p>Les liens hypertextes mis en place dans le cadre du site internet \u00ab<a href=\"#\">www.distillerielehmann.com<\/a>\u00bb en direction d\u2019autres ressources pr\u00e9sentes sur le r\u00e9seau Internet ont fait l\u2019objet d\u2019une autorisation pr\u00e9alable et expresse.<br \/>\nToutefois, la Distillerie Artisanale Lehmann SARL n\u2019est pas l\u2019\u00e9diteur de ces sites et ne peut pas contr\u00f4ler leur contenu. En cons\u00e9quence, la Distillerie Artisanale Lehmann SARL ne pourra \u00eatre en aucun cas tenue pour responsable du contenu des sites ainsi accessibles ou des \u00e9ventuelles collectes et transmission de donn\u00e9es personnelles, installation de cookies ou tout autre proc\u00e9d\u00e9 tendant aux m\u00eames fins, effectu\u00e9s par ces sites.<br \/>\nLa navigation sur le site internet \u00ab<a href=\"#\">www.distillerielehmann.com<\/a>\u00bb est susceptible de provoquer l\u2019installation de cookie(s) sur l\u2019ordinateur de l\u2019utilisateur. Le refus d\u2019installation d\u2019un cookie peut entra\u00eener l\u2019impossibilit\u00e9 d\u2019acc\u00e9der \u00e0 certains services.<\/p>\n<h2 class=\"title\" style=\"text-align: center; margin-top: 40px; margin-bottom: 20px;\">Modification des mentions l\u00e9gales<\/h2>\n<p>La Distillerie Artisanale Lehmann SARL se r\u00e9serve le droit de modifier les mentions l\u00e9gales \u00e0 tout moment. L\u2019utilisateur s\u2019engage donc \u00e0 la consulter r\u00e9guli\u00e8rement.\u00a0Droit applicable et attribution de juridiction :\u00a0Tout litige en relation avec l\u2019utilisation du site internet\u00a0\u00ab<a href=\"#\">www.distillerielehmann.com<\/a>\u00bb est soumis au droit fran\u00e7ais. Il est fait attribution exclusive de juridiction aux tribunaux comp\u00e9tents de Strasbourg (67)<\/p>\n<h2 class=\"title\" style=\"text-align: center; margin-top: 40px; margin-bottom: 20px;\">Cr\u00e9dits Identit\u00e9 Digitale &#8211; Agence de Communication<\/h2>\n<p>Conception graphique &amp; d\u00e9veloppement technique par <a href=\"http:\/\/www.netsive.com\">Netsive \u2013 Agence Marketing &amp; Communication Luxembourg, France, Belgique<\/a><br \/>\nH\u00e9bergement : <a href=\"http:\/\/www.netsive.com\">Netsive \u2013 Agence Marketing &amp; Communication, Luxembourg<\/a><\/p>\n<h2 class=\"title\" style=\"text-align: center; margin-top: 40px; margin-bottom: 20px;\">Cr\u00e9dit Photographies<\/h2>\n<p>Cr\u00e9dit photos de la Distillerie Artisanale Lehmann SARL:\u00a0Michel NICOLAS<\/p>\n<\/div>\n<\/div>\n<\/div>\n","protected":false},"excerpt":{"rendered":"<p>Informations g\u00e9n\u00e9rales Le site internet \u00abwww.distillerielehmann.com\u00bb est la propri\u00e9t\u00e9 de la Distillerie Artisanale Lehmann SARL, soci\u00e9t\u00e9 \u00e0 responsabilit\u00e9 limit\u00e9e au capital de 38112.25 \u20ac, immatricul\u00e9e au Registre du Commerce et des Soci\u00e9t\u00e9s de Saverne (67), sous le n\u00b0 675 680 219 00036,\u00a0et dont le n\u00b0 de TVA intracommunautaire est FR 47 675 680 219 Distillerie [&hellip;]<\/p>\n","protected":false},"author":1,"featured_media":0,"parent":0,"menu_order":0,"comment_status":"closed","ping_status":"closed","template":"","meta":{"_acf_changed":false,"footnotes":""},"class_list":["post-2170","page","type-page","status-publish","hentry"],"acf":[],"yoast_head":"<!-- This site is optimized with the Yoast SEO plugin v27.3 - https:\/\/yoast.com\/product\/yoast-seo-wordpress\/ -->\n<title>LEGAL MATTERS - Distillerie artisanale LEHMANN<\/title>\n<meta name=\"description\" content=\"Informations g\u00e9n\u00e9rales Le site internet \u00abwww.distillerielehmann.com\u00bb est la propri\u00e9t\u00e9 de la Distillerie Artisanale Lehmann SARL, soci\u00e9t\u00e9 \u00e0 responsabilit\u00e9\" \/>\n<meta name=\"robots\" content=\"index, follow, max-snippet:-1, max-image-preview:large, max-video-preview:-1\" \/>\n<link rel=\"canonical\" href=\"https:\/\/distillerielehmann.com\/en\/mentions-legales\/\" \/>\n<meta property=\"og:locale\" content=\"en_US\" \/>\n<meta property=\"og:type\" content=\"article\" \/>\n<meta property=\"og:title\" content=\"LEGAL MATTERS - Distillerie artisanale LEHMANN\" \/>\n<meta property=\"og:description\" content=\"Informations g\u00e9n\u00e9rales Le site internet \u00abwww.distillerielehmann.com\u00bb est la propri\u00e9t\u00e9 de la Distillerie Artisanale Lehmann SARL, soci\u00e9t\u00e9 \u00e0 responsabilit\u00e9\" \/>\n<meta property=\"og:url\" content=\"https:\/\/distillerielehmann.com\/en\/mentions-legales\/\" \/>\n<meta property=\"og:site_name\" content=\"Distillerie artisanale LEHMANN\" \/>\n<meta property=\"article:publisher\" content=\"https:\/\/www.facebook.com\/DistillerieLehmann\/\" \/>\n<meta property=\"article:modified_time\" content=\"2019-05-03T14:40:08+00:00\" \/>\n<meta property=\"og:image\" content=\"https:\/\/distillerielehmann.com\/wp-content\/uploads\/2026\/03\/lehmann_logo-avec-baseline_vertical_noir_RVB.jpg\" \/>\n\t<meta property=\"og:image:width\" content=\"1200\" \/>\n\t<meta property=\"og:image:height\" content=\"675\" \/>\n\t<meta property=\"og:image:type\" content=\"image\/jpeg\" \/>\n<meta name=\"twitter:card\" content=\"summary_large_image\" \/>\n<meta name=\"twitter:label1\" content=\"Est. reading time\" \/>\n\t<meta name=\"twitter:data1\" content=\"7 minutes\" \/>\n<script type=\"application\/ld+json\" class=\"yoast-schema-graph\">{\"@context\":\"https:\\\/\\\/schema.org\",\"@graph\":[{\"@type\":\"WebPage\",\"@id\":\"https:\\\/\\\/distillerielehmann.com\\\/en\\\/mentions-legales\\\/\",\"url\":\"https:\\\/\\\/distillerielehmann.com\\\/en\\\/mentions-legales\\\/\",\"name\":\"LEGAL MATTERS - Distillerie artisanale LEHMANN\",\"isPartOf\":{\"@id\":\"https:\\\/\\\/distillerielehmann.com\\\/#website\"},\"datePublished\":\"2017-10-16T14:00:05+00:00\",\"dateModified\":\"2019-05-03T14:40:08+00:00\",\"description\":\"Informations g\u00e9n\u00e9rales Le site internet \u00abwww.distillerielehmann.com\u00bb est la propri\u00e9t\u00e9 de la Distillerie Artisanale Lehmann SARL, soci\u00e9t\u00e9 \u00e0 responsabilit\u00e9\",\"breadcrumb\":{\"@id\":\"https:\\\/\\\/distillerielehmann.com\\\/en\\\/mentions-legales\\\/#breadcrumb\"},\"inLanguage\":\"en-US\",\"potentialAction\":[{\"@type\":\"ReadAction\",\"target\":[\"https:\\\/\\\/distillerielehmann.com\\\/en\\\/mentions-legales\\\/\"]}]},{\"@type\":\"BreadcrumbList\",\"@id\":\"https:\\\/\\\/distillerielehmann.com\\\/en\\\/mentions-legales\\\/#breadcrumb\",\"itemListElement\":[{\"@type\":\"ListItem\",\"position\":1,\"name\":\"Accueil\",\"item\":\"https:\\\/\\\/distillerielehmann.com\\\/\"},{\"@type\":\"ListItem\",\"position\":2,\"name\":\"LEGAL MATTERS\"}]},{\"@type\":\"WebSite\",\"@id\":\"https:\\\/\\\/distillerielehmann.com\\\/#website\",\"url\":\"https:\\\/\\\/distillerielehmann.com\\\/\",\"name\":\"Distillerie Artisanale LEHMANN\",\"description\":\"Premi\u00e8re distillerie d\u2019Alsace depuis 1850\",\"publisher\":{\"@id\":\"https:\\\/\\\/distillerielehmann.com\\\/#organization\"},\"alternateName\":\"DALE\",\"potentialAction\":[{\"@type\":\"SearchAction\",\"target\":{\"@type\":\"EntryPoint\",\"urlTemplate\":\"https:\\\/\\\/distillerielehmann.com\\\/?s={search_term_string}\"},\"query-input\":{\"@type\":\"PropertyValueSpecification\",\"valueRequired\":true,\"valueName\":\"search_term_string\"}}],\"inLanguage\":\"en-US\"},{\"@type\":\"Organization\",\"@id\":\"https:\\\/\\\/distillerielehmann.com\\\/#organization\",\"name\":\"Distillerie Artisanale LEHMANN\",\"url\":\"https:\\\/\\\/distillerielehmann.com\\\/\",\"logo\":{\"@type\":\"ImageObject\",\"inLanguage\":\"en-US\",\"@id\":\"https:\\\/\\\/distillerielehmann.com\\\/#\\\/schema\\\/logo\\\/image\\\/\",\"url\":\"https:\\\/\\\/distillerielehmann.com\\\/wp-content\\\/uploads\\\/2026\\\/03\\\/lehmann_logo-avec-baseline_vertical_noir_RVB_696.jpg\",\"contentUrl\":\"https:\\\/\\\/distillerielehmann.com\\\/wp-content\\\/uploads\\\/2026\\\/03\\\/lehmann_logo-avec-baseline_vertical_noir_RVB_696.jpg\",\"width\":696,\"height\":696,\"caption\":\"Distillerie Artisanale LEHMANN\"},\"image\":{\"@id\":\"https:\\\/\\\/distillerielehmann.com\\\/#\\\/schema\\\/logo\\\/image\\\/\"},\"sameAs\":[\"https:\\\/\\\/www.facebook.com\\\/DistillerieLehmann\\\/\",\"https:\\\/\\\/www.linkedin.com\\\/company\\\/les-eaux-de-vie-j-et-m-lehmann\\\/\"]}]}<\/script>\n<!-- \/ Yoast SEO plugin. -->","yoast_head_json":{"title":"LEGAL MATTERS - Distillerie artisanale LEHMANN","description":"Informations g\u00e9n\u00e9rales Le site internet \u00abwww.distillerielehmann.com\u00bb est la propri\u00e9t\u00e9 de la Distillerie Artisanale Lehmann SARL, soci\u00e9t\u00e9 \u00e0 responsabilit\u00e9","robots":{"index":"index","follow":"follow","max-snippet":"max-snippet:-1","max-image-preview":"max-image-preview:large","max-video-preview":"max-video-preview:-1"},"canonical":"https:\/\/distillerielehmann.com\/en\/mentions-legales\/","og_locale":"en_US","og_type":"article","og_title":"LEGAL MATTERS - Distillerie artisanale LEHMANN","og_description":"Informations g\u00e9n\u00e9rales Le site internet \u00abwww.distillerielehmann.com\u00bb est la propri\u00e9t\u00e9 de la Distillerie Artisanale Lehmann SARL, soci\u00e9t\u00e9 \u00e0 responsabilit\u00e9","og_url":"https:\/\/distillerielehmann.com\/en\/mentions-legales\/","og_site_name":"Distillerie artisanale LEHMANN","article_publisher":"https:\/\/www.facebook.com\/DistillerieLehmann\/","article_modified_time":"2019-05-03T14:40:08+00:00","og_image":[{"width":1200,"height":675,"url":"https:\/\/distillerielehmann.com\/wp-content\/uploads\/2026\/03\/lehmann_logo-avec-baseline_vertical_noir_RVB.jpg","type":"image\/jpeg"}],"twitter_card":"summary_large_image","twitter_misc":{"Est. reading time":"7 minutes"},"schema":{"@context":"https:\/\/schema.org","@graph":[{"@type":"WebPage","@id":"https:\/\/distillerielehmann.com\/en\/mentions-legales\/","url":"https:\/\/distillerielehmann.com\/en\/mentions-legales\/","name":"LEGAL MATTERS - Distillerie artisanale LEHMANN","isPartOf":{"@id":"https:\/\/distillerielehmann.com\/#website"},"datePublished":"2017-10-16T14:00:05+00:00","dateModified":"2019-05-03T14:40:08+00:00","description":"Informations g\u00e9n\u00e9rales Le site internet \u00abwww.distillerielehmann.com\u00bb est la propri\u00e9t\u00e9 de la Distillerie Artisanale Lehmann SARL, soci\u00e9t\u00e9 \u00e0 responsabilit\u00e9","breadcrumb":{"@id":"https:\/\/distillerielehmann.com\/en\/mentions-legales\/#breadcrumb"},"inLanguage":"en-US","potentialAction":[{"@type":"ReadAction","target":["https:\/\/distillerielehmann.com\/en\/mentions-legales\/"]}]},{"@type":"BreadcrumbList","@id":"https:\/\/distillerielehmann.com\/en\/mentions-legales\/#breadcrumb","itemListElement":[{"@type":"ListItem","position":1,"name":"Accueil","item":"https:\/\/distillerielehmann.com\/"},{"@type":"ListItem","position":2,"name":"LEGAL MATTERS"}]},{"@type":"WebSite","@id":"https:\/\/distillerielehmann.com\/#website","url":"https:\/\/distillerielehmann.com\/","name":"Distillerie Artisanale LEHMANN","description":"Premi\u00e8re distillerie d\u2019Alsace depuis 1850","publisher":{"@id":"https:\/\/distillerielehmann.com\/#organization"},"alternateName":"DALE","potentialAction":[{"@type":"SearchAction","target":{"@type":"EntryPoint","urlTemplate":"https:\/\/distillerielehmann.com\/?s={search_term_string}"},"query-input":{"@type":"PropertyValueSpecification","valueRequired":true,"valueName":"search_term_string"}}],"inLanguage":"en-US"},{"@type":"Organization","@id":"https:\/\/distillerielehmann.com\/#organization","name":"Distillerie Artisanale LEHMANN","url":"https:\/\/distillerielehmann.com\/","logo":{"@type":"ImageObject","inLanguage":"en-US","@id":"https:\/\/distillerielehmann.com\/#\/schema\/logo\/image\/","url":"https:\/\/distillerielehmann.com\/wp-content\/uploads\/2026\/03\/lehmann_logo-avec-baseline_vertical_noir_RVB_696.jpg","contentUrl":"https:\/\/distillerielehmann.com\/wp-content\/uploads\/2026\/03\/lehmann_logo-avec-baseline_vertical_noir_RVB_696.jpg","width":696,"height":696,"caption":"Distillerie Artisanale LEHMANN"},"image":{"@id":"https:\/\/distillerielehmann.com\/#\/schema\/logo\/image\/"},"sameAs":["https:\/\/www.facebook.com\/DistillerieLehmann\/","https:\/\/www.linkedin.com\/company\/les-eaux-de-vie-j-et-m-lehmann\/"]}]}},"_links":{"self":[{"href":"https:\/\/distillerielehmann.com\/en\/wp-json\/wp\/v2\/pages\/2170","targetHints":{"allow":["GET"]}}],"collection":[{"href":"https:\/\/distillerielehmann.com\/en\/wp-json\/wp\/v2\/pages"}],"about":[{"href":"https:\/\/distillerielehmann.com\/en\/wp-json\/wp\/v2\/types\/page"}],"author":[{"embeddable":true,"href":"https:\/\/distillerielehmann.com\/en\/wp-json\/wp\/v2\/users\/1"}],"replies":[{"embeddable":true,"href":"https:\/\/distillerielehmann.com\/en\/wp-json\/wp\/v2\/comments?post=2170"}],"version-history":[{"count":3,"href":"https:\/\/distillerielehmann.com\/en\/wp-json\/wp\/v2\/pages\/2170\/revisions"}],"predecessor-version":[{"id":3277,"href":"https:\/\/distillerielehmann.com\/en\/wp-json\/wp\/v2\/pages\/2170\/revisions\/3277"}],"wp:attachment":[{"href":"https:\/\/distillerielehmann.com\/en\/wp-json\/wp\/v2\/media?parent=2170"}],"curies":[{"name":"wp","href":"https:\/\/api.w.org\/{rel}","templated":true}]}}