{"id":2160,"date":"2017-10-16T15:59:00","date_gmt":"2017-10-16T13:59:00","guid":{"rendered":"http:\/\/www.distillerielehmann.com\/?page_id=2160"},"modified":"2020-07-22T16:48:25","modified_gmt":"2020-07-22T14:48:25","slug":"elsass-whisky","status":"publish","type":"page","link":"https:\/\/distillerielehmann.com\/en\/elsass-whisky\/elsass-whisky\/","title":{"rendered":"Elsass Whisky"},"content":{"rendered":"<div id=\"\" class=\"row\"><div class=\"desc_text_block col-md-10 col-md-offset-1\"><div class = \"content_center\"><div class=\"content\"><div class=\"col-md-8 col-md-offset-2\"><h2 class=\"title\">Elsass Whisky - Single Malt - ORIGINE<\/h2><\/div><div class=\"col-md-2\"><img decoding=\"async\" src=\"https:\/\/distillerielehmann.com\/wp-content\/themes\/distillerie_artisanle_lehmann\/assets\/img\/label-igp.png\" alt=\"Logo indication g\u00e9ographique prot\u00e9g\u00e9e\" style=\"width:150px;\"><\/div><div class=\"col-md-12\"><h3 class=\"sub_title\">IGP - Indication G\u00e9ographique Prot\u00e9g\u00e9e<\/h3><\/div><div class=\"col-md-12\"><\/p>\n<h2><\/h2>\n<p>Bronze medal Concours G\u00e9n\u00e9ral Agricole in Paris 2014<\/p>\n<p>Aged for 7 years in white Bordeaux wine casks, 40% VOL.<\/p>\n<h2>Tasting<\/h2>\n<p><strong>Appearance:<\/strong> a bright golden colour, limpid and brilliant with big long tears, sign of a great alcohol.<\/p>\n<p><strong>Nose:<\/strong> A powerful nose with a hint of roasted malt, slightly woody with a vanilla aroma, accompanied by the scents of ripe fruits, stewed or even candied (pear, mirabelle), and a touch of milky, buttery caramel: a powerful, rich and complex initial taste giving way to something smoother.<\/p>\n<p><strong>Palate:<\/strong> Hints of malted barley and cereals in the mouth, together with a suggestion of buttery and vanilla confectionery.\u00a0 The mid-palate feel is round and rich.<\/p>\n<h2>Distillation and ageing<\/h2>\n<p>Elsass Whisky is obtained by the double distillation of a pure barley malt in line with the traditional method of the Lehmann Distillery.\u00a0This pure barley malt is aged in white Bordeaux wine oak casks for 7 years.<\/p>\n<h2>Tasting tip<\/h2>\n<p>Elsass Whisky can be enjoyed as an <strong>aperitif<\/strong> or a <strong>digestive<\/strong> Serve chilled but, as with all high quality spirits, never with ice!<\/p>\n<p><strong>Available<\/strong> in 70 cl Bottle,\u00a0 35 cl Coffret Signature by Lehmann, 20 cl or 10 cl flask, 5 cl Mignonnette<\/p>\n<p><div class=\"col-md-4\"><div class=\"\" style=\"background:url(\/wp-content\/uploads\/2016\/10\/EW-ORIGINE-70.jpg) no-repeat center center; background-size:cover; min-height:50vh!important;margin: 10px auto;\"><\/div><\/div><br \/>\n<div class=\"col-md-4\"><div class=\"\" style=\"background:url(\/wp-content\/uploads\/2016\/07\/mise-en-bouteille-whisky.jpg) no-repeat center center; background-size:cover; min-height:50vh!important;margin: 10px auto;\"><\/div><\/div><br \/>\n<div class=\"col-md-4\"><div class=\"\" style=\"background:url(\/wp-content\/uploads\/2016\/10\/image-1-1.jpg) no-repeat center center; background-size:cover; min-height:50vh!important;margin: 10px auto;\"><\/div><\/div><\/p>\n<p><div class=\"col-md-4 col-md-offset-2\"><div class=\"\" style=\"background:url(\/wp-content\/uploads\/2016\/10\/ELSASS-WHISKY-AMPOULES.jpg) no-repeat center center; background-size:cover; min-height:50vh!important;margin: 10px auto;\"><\/div><\/div><br \/>\n<div class=\"col-md-4\"><div class=\"\" style=\"background:url(\/wp-content\/uploads\/2016\/10\/GAMME-WHISKY-ORIGINE-gros-plan.jpg) no-repeat center center; background-size:cover; min-height:50vh!important;margin: 10px auto;\"><\/div><\/div><\/p>\n<p><\/div><\/div><\/div><\/div><\/div>\n<div id=\"\" class=\"row\"><div class=\"img_cover_block col-md-12\"><div class=\"img_cover_medium\" style=\"background:url(\/wp-content\/uploads\/2016\/10\/EW-SIGN-COFFRET-SOUS-CLOCHE-1.jpg) no-repeat center center; background-size:cover;background-attachment:fixed;background-position:bottom center!important;background-attachment:fixed;\"><br \/>\n<div class=\"inner_block animate_block  col-md-6\" style=\"\"><div class = \"content_center black_box\"><div class=\"content\"><h2 class=\"title\">Elsass Whisky - SIGNATURE by LEHMANN<\/h2><h3 class=\"sub_title\">Single Malt - ORIGINE.<\/h3><p><\/p><\/div><\/div><\/div><br \/>\n<\/div><\/div><\/div>\n<div id=\"\" class=\"row\"><div class=\"desc_text_block col-md-10 col-md-offset-1\"><div class = \"content_center\"><div class=\"content\"><div class=\"col-md-8 col-md-offset-2\"><h2 class=\"title\">ELSASS WHISKY - SIGNATURE BY LEHMANN<\/h2><\/div><div class=\"col-md-2\"><img decoding=\"async\" src=\"https:\/\/distillerielehmann.com\/wp-content\/themes\/distillerie_artisanle_lehmann\/assets\/img\/label-signature.png\" alt=\"Logo signature by lehmann\" style=\"width:150px;\"><\/div><div class=\"col-md-12\"><h3 class=\"sub_title\"><\/h3><\/div><div class=\"col-md-12\"><\/p>\n<h2><\/h2>\n<p><div class=\"col-md-4 col-md-offset-2\"><div class=\"\" style=\"background:url(\/wp-content\/uploads\/2016\/10\/1470922812.jpg) no-repeat center center; background-size:cover; min-height:50vh!important;margin: 10px auto;\"><\/div><\/div><br \/>\n<div class=\"col-md-4\"><div class=\"\" style=\"background:url(\/wp-content\/uploads\/2016\/10\/1470922817.jpg) no-repeat center center; background-size:cover; min-height:50vh!important;margin: 10px auto;\"><\/div><\/div><\/p>\n<p><\/div><\/div><\/div><\/div><\/div>\n<h2 class=\"title\" style=\"text-align: center;\">discover<\/h2>\n","protected":false},"excerpt":{"rendered":"<p>discover<\/p>\n","protected":false},"author":1,"featured_media":100,"parent":2152,"menu_order":1,"comment_status":"closed","ping_status":"closed","template":"","meta":{"_acf_changed":false,"footnotes":""},"class_list":["post-2160","page","type-page","status-publish","has-post-thumbnail","hentry"],"acf":[],"yoast_head":"<!-- This site is optimized with the Yoast SEO plugin v27.3 - https:\/\/yoast.com\/product\/yoast-seo-wordpress\/ -->\n<title>Elsass Whisky - Distillerie artisanale LEHMANN<\/title>\n<meta name=\"description\" content=\"discover\" \/>\n<meta name=\"robots\" content=\"index, follow, max-snippet:-1, max-image-preview:large, max-video-preview:-1\" \/>\n<link rel=\"canonical\" href=\"https:\/\/distillerielehmann.com\/en\/elsass-whisky\/elsass-whisky\/\" \/>\n<meta property=\"og:locale\" content=\"en_US\" \/>\n<meta property=\"og:type\" content=\"article\" \/>\n<meta property=\"og:title\" content=\"Elsass Whisky - Distillerie artisanale LEHMANN\" \/>\n<meta property=\"og:description\" content=\"discover\" \/>\n<meta property=\"og:url\" content=\"https:\/\/distillerielehmann.com\/en\/elsass-whisky\/elsass-whisky\/\" \/>\n<meta property=\"og:site_name\" content=\"Distillerie artisanale LEHMANN\" \/>\n<meta property=\"article:publisher\" content=\"https:\/\/www.facebook.com\/DistillerieLehmann\/\" \/>\n<meta property=\"article:modified_time\" content=\"2020-07-22T14:48:25+00:00\" \/>\n<meta property=\"og:image\" content=\"https:\/\/distillerielehmann.com\/wp-content\/uploads\/2016\/07\/EW-ORIGINE.jpg\" \/>\n\t<meta property=\"og:image:width\" content=\"1575\" \/>\n\t<meta property=\"og:image:height\" content=\"2362\" \/>\n\t<meta property=\"og:image:type\" content=\"image\/jpeg\" \/>\n<meta name=\"twitter:card\" content=\"summary_large_image\" \/>\n<meta name=\"twitter:label1\" content=\"Est. reading time\" \/>\n\t<meta name=\"twitter:data1\" content=\"2 minutes\" \/>\n<script type=\"application\/ld+json\" class=\"yoast-schema-graph\">{\"@context\":\"https:\\\/\\\/schema.org\",\"@graph\":[{\"@type\":\"WebPage\",\"@id\":\"https:\\\/\\\/distillerielehmann.com\\\/en\\\/elsass-whisky\\\/elsass-whisky\\\/\",\"url\":\"https:\\\/\\\/distillerielehmann.com\\\/en\\\/elsass-whisky\\\/elsass-whisky\\\/\",\"name\":\"Elsass Whisky - Distillerie artisanale LEHMANN\",\"isPartOf\":{\"@id\":\"https:\\\/\\\/distillerielehmann.com\\\/#website\"},\"primaryImageOfPage\":{\"@id\":\"https:\\\/\\\/distillerielehmann.com\\\/en\\\/elsass-whisky\\\/elsass-whisky\\\/#primaryimage\"},\"image\":{\"@id\":\"https:\\\/\\\/distillerielehmann.com\\\/en\\\/elsass-whisky\\\/elsass-whisky\\\/#primaryimage\"},\"thumbnailUrl\":\"https:\\\/\\\/distillerielehmann.com\\\/wp-content\\\/uploads\\\/2016\\\/07\\\/EW-ORIGINE.jpg\",\"datePublished\":\"2017-10-16T13:59:00+00:00\",\"dateModified\":\"2020-07-22T14:48:25+00:00\",\"description\":\"discover\",\"breadcrumb\":{\"@id\":\"https:\\\/\\\/distillerielehmann.com\\\/en\\\/elsass-whisky\\\/elsass-whisky\\\/#breadcrumb\"},\"inLanguage\":\"en-US\",\"potentialAction\":[{\"@type\":\"ReadAction\",\"target\":[\"https:\\\/\\\/distillerielehmann.com\\\/en\\\/elsass-whisky\\\/elsass-whisky\\\/\"]}]},{\"@type\":\"ImageObject\",\"inLanguage\":\"en-US\",\"@id\":\"https:\\\/\\\/distillerielehmann.com\\\/en\\\/elsass-whisky\\\/elsass-whisky\\\/#primaryimage\",\"url\":\"https:\\\/\\\/distillerielehmann.com\\\/wp-content\\\/uploads\\\/2016\\\/07\\\/EW-ORIGINE.jpg\",\"contentUrl\":\"https:\\\/\\\/distillerielehmann.com\\\/wp-content\\\/uploads\\\/2016\\\/07\\\/EW-ORIGINE.jpg\",\"width\":1575,\"height\":2362},{\"@type\":\"BreadcrumbList\",\"@id\":\"https:\\\/\\\/distillerielehmann.com\\\/en\\\/elsass-whisky\\\/elsass-whisky\\\/#breadcrumb\",\"itemListElement\":[{\"@type\":\"ListItem\",\"position\":1,\"name\":\"Accueil\",\"item\":\"https:\\\/\\\/distillerielehmann.com\\\/\"},{\"@type\":\"ListItem\",\"position\":2,\"name\":\"French Whisky\",\"item\":\"https:\\\/\\\/distillerielehmann.com\\\/en\\\/elsass-whisky\\\/\"},{\"@type\":\"ListItem\",\"position\":3,\"name\":\"Elsass Whisky\"}]},{\"@type\":\"WebSite\",\"@id\":\"https:\\\/\\\/distillerielehmann.com\\\/#website\",\"url\":\"https:\\\/\\\/distillerielehmann.com\\\/\",\"name\":\"Distillerie Artisanale LEHMANN\",\"description\":\"Premi\u00e8re distillerie d\u2019Alsace depuis 1850\",\"publisher\":{\"@id\":\"https:\\\/\\\/distillerielehmann.com\\\/#organization\"},\"alternateName\":\"DALE\",\"potentialAction\":[{\"@type\":\"SearchAction\",\"target\":{\"@type\":\"EntryPoint\",\"urlTemplate\":\"https:\\\/\\\/distillerielehmann.com\\\/?s={search_term_string}\"},\"query-input\":{\"@type\":\"PropertyValueSpecification\",\"valueRequired\":true,\"valueName\":\"search_term_string\"}}],\"inLanguage\":\"en-US\"},{\"@type\":\"Organization\",\"@id\":\"https:\\\/\\\/distillerielehmann.com\\\/#organization\",\"name\":\"Distillerie Artisanale LEHMANN\",\"url\":\"https:\\\/\\\/distillerielehmann.com\\\/\",\"logo\":{\"@type\":\"ImageObject\",\"inLanguage\":\"en-US\",\"@id\":\"https:\\\/\\\/distillerielehmann.com\\\/#\\\/schema\\\/logo\\\/image\\\/\",\"url\":\"https:\\\/\\\/distillerielehmann.com\\\/wp-content\\\/uploads\\\/2026\\\/03\\\/lehmann_logo-avec-baseline_vertical_noir_RVB_696.jpg\",\"contentUrl\":\"https:\\\/\\\/distillerielehmann.com\\\/wp-content\\\/uploads\\\/2026\\\/03\\\/lehmann_logo-avec-baseline_vertical_noir_RVB_696.jpg\",\"width\":696,\"height\":696,\"caption\":\"Distillerie Artisanale LEHMANN\"},\"image\":{\"@id\":\"https:\\\/\\\/distillerielehmann.com\\\/#\\\/schema\\\/logo\\\/image\\\/\"},\"sameAs\":[\"https:\\\/\\\/www.facebook.com\\\/DistillerieLehmann\\\/\",\"https:\\\/\\\/www.linkedin.com\\\/company\\\/les-eaux-de-vie-j-et-m-lehmann\\\/\"]}]}<\/script>\n<!-- \/ Yoast SEO plugin. -->","yoast_head_json":{"title":"Elsass Whisky - Distillerie artisanale LEHMANN","description":"discover","robots":{"index":"index","follow":"follow","max-snippet":"max-snippet:-1","max-image-preview":"max-image-preview:large","max-video-preview":"max-video-preview:-1"},"canonical":"https:\/\/distillerielehmann.com\/en\/elsass-whisky\/elsass-whisky\/","og_locale":"en_US","og_type":"article","og_title":"Elsass Whisky - Distillerie artisanale LEHMANN","og_description":"discover","og_url":"https:\/\/distillerielehmann.com\/en\/elsass-whisky\/elsass-whisky\/","og_site_name":"Distillerie artisanale LEHMANN","article_publisher":"https:\/\/www.facebook.com\/DistillerieLehmann\/","article_modified_time":"2020-07-22T14:48:25+00:00","og_image":[{"width":1575,"height":2362,"url":"https:\/\/distillerielehmann.com\/wp-content\/uploads\/2016\/07\/EW-ORIGINE.jpg","type":"image\/jpeg"}],"twitter_card":"summary_large_image","twitter_misc":{"Est. reading time":"2 minutes"},"schema":{"@context":"https:\/\/schema.org","@graph":[{"@type":"WebPage","@id":"https:\/\/distillerielehmann.com\/en\/elsass-whisky\/elsass-whisky\/","url":"https:\/\/distillerielehmann.com\/en\/elsass-whisky\/elsass-whisky\/","name":"Elsass Whisky - Distillerie artisanale LEHMANN","isPartOf":{"@id":"https:\/\/distillerielehmann.com\/#website"},"primaryImageOfPage":{"@id":"https:\/\/distillerielehmann.com\/en\/elsass-whisky\/elsass-whisky\/#primaryimage"},"image":{"@id":"https:\/\/distillerielehmann.com\/en\/elsass-whisky\/elsass-whisky\/#primaryimage"},"thumbnailUrl":"https:\/\/distillerielehmann.com\/wp-content\/uploads\/2016\/07\/EW-ORIGINE.jpg","datePublished":"2017-10-16T13:59:00+00:00","dateModified":"2020-07-22T14:48:25+00:00","description":"discover","breadcrumb":{"@id":"https:\/\/distillerielehmann.com\/en\/elsass-whisky\/elsass-whisky\/#breadcrumb"},"inLanguage":"en-US","potentialAction":[{"@type":"ReadAction","target":["https:\/\/distillerielehmann.com\/en\/elsass-whisky\/elsass-whisky\/"]}]},{"@type":"ImageObject","inLanguage":"en-US","@id":"https:\/\/distillerielehmann.com\/en\/elsass-whisky\/elsass-whisky\/#primaryimage","url":"https:\/\/distillerielehmann.com\/wp-content\/uploads\/2016\/07\/EW-ORIGINE.jpg","contentUrl":"https:\/\/distillerielehmann.com\/wp-content\/uploads\/2016\/07\/EW-ORIGINE.jpg","width":1575,"height":2362},{"@type":"BreadcrumbList","@id":"https:\/\/distillerielehmann.com\/en\/elsass-whisky\/elsass-whisky\/#breadcrumb","itemListElement":[{"@type":"ListItem","position":1,"name":"Accueil","item":"https:\/\/distillerielehmann.com\/"},{"@type":"ListItem","position":2,"name":"French Whisky","item":"https:\/\/distillerielehmann.com\/en\/elsass-whisky\/"},{"@type":"ListItem","position":3,"name":"Elsass Whisky"}]},{"@type":"WebSite","@id":"https:\/\/distillerielehmann.com\/#website","url":"https:\/\/distillerielehmann.com\/","name":"Distillerie Artisanale LEHMANN","description":"Premi\u00e8re distillerie d\u2019Alsace depuis 1850","publisher":{"@id":"https:\/\/distillerielehmann.com\/#organization"},"alternateName":"DALE","potentialAction":[{"@type":"SearchAction","target":{"@type":"EntryPoint","urlTemplate":"https:\/\/distillerielehmann.com\/?s={search_term_string}"},"query-input":{"@type":"PropertyValueSpecification","valueRequired":true,"valueName":"search_term_string"}}],"inLanguage":"en-US"},{"@type":"Organization","@id":"https:\/\/distillerielehmann.com\/#organization","name":"Distillerie Artisanale LEHMANN","url":"https:\/\/distillerielehmann.com\/","logo":{"@type":"ImageObject","inLanguage":"en-US","@id":"https:\/\/distillerielehmann.com\/#\/schema\/logo\/image\/","url":"https:\/\/distillerielehmann.com\/wp-content\/uploads\/2026\/03\/lehmann_logo-avec-baseline_vertical_noir_RVB_696.jpg","contentUrl":"https:\/\/distillerielehmann.com\/wp-content\/uploads\/2026\/03\/lehmann_logo-avec-baseline_vertical_noir_RVB_696.jpg","width":696,"height":696,"caption":"Distillerie Artisanale LEHMANN"},"image":{"@id":"https:\/\/distillerielehmann.com\/#\/schema\/logo\/image\/"},"sameAs":["https:\/\/www.facebook.com\/DistillerieLehmann\/","https:\/\/www.linkedin.com\/company\/les-eaux-de-vie-j-et-m-lehmann\/"]}]}},"_links":{"self":[{"href":"https:\/\/distillerielehmann.com\/en\/wp-json\/wp\/v2\/pages\/2160","targetHints":{"allow":["GET"]}}],"collection":[{"href":"https:\/\/distillerielehmann.com\/en\/wp-json\/wp\/v2\/pages"}],"about":[{"href":"https:\/\/distillerielehmann.com\/en\/wp-json\/wp\/v2\/types\/page"}],"author":[{"embeddable":true,"href":"https:\/\/distillerielehmann.com\/en\/wp-json\/wp\/v2\/users\/1"}],"replies":[{"embeddable":true,"href":"https:\/\/distillerielehmann.com\/en\/wp-json\/wp\/v2\/comments?post=2160"}],"version-history":[{"count":7,"href":"https:\/\/distillerielehmann.com\/en\/wp-json\/wp\/v2\/pages\/2160\/revisions"}],"predecessor-version":[{"id":3973,"href":"https:\/\/distillerielehmann.com\/en\/wp-json\/wp\/v2\/pages\/2160\/revisions\/3973"}],"up":[{"embeddable":true,"href":"https:\/\/distillerielehmann.com\/en\/wp-json\/wp\/v2\/pages\/2152"}],"wp:featuredmedia":[{"embeddable":true,"href":"https:\/\/distillerielehmann.com\/en\/wp-json\/wp\/v2\/media\/100"}],"wp:attachment":[{"href":"https:\/\/distillerielehmann.com\/en\/wp-json\/wp\/v2\/media?parent=2160"}],"curies":[{"name":"wp","href":"https:\/\/api.w.org\/{rel}","templated":true}]}}