{"id":2152,"date":"2017-10-16T15:58:01","date_gmt":"2017-10-16T13:58:01","guid":{"rendered":"http:\/\/www.distillerielehmann.com\/?page_id=2152"},"modified":"2020-07-22T16:58:29","modified_gmt":"2020-07-22T14:58:29","slug":"elsass-whisky","status":"publish","type":"page","link":"https:\/\/distillerielehmann.com\/en\/elsass-whisky\/","title":{"rendered":"French Whisky"},"content":{"rendered":"<div id=\"\" class=\"row\"><div class=\"desc_text_block col-md-10 col-md-offset-1\"><div class = \"content_center\"><div class=\"content\"><div class=\"col-md-8 col-md-offset-2\"><h2 class=\"title\">A Whisky labelled IGP<\/h2><\/div><div class=\"col-md-2\"><img decoding=\"async\" src=\"https:\/\/distillerielehmann.com\/wp-content\/themes\/distillerie_artisanle_lehmann\/assets\/img\/label-igp.png\" alt=\"Logo indication g\u00e9ographique prot\u00e9g\u00e9e\" style=\"width:150px;\"><\/div><div class=\"col-md-12\"><h3 class=\"sub_title\"><\/h3><\/div><div class=\"col-md-12\"><\/p>\n<p>The IGP \u2013 Indication G\u00e9ographique Prot\u00e9g\u00e9e \u2013 is the guarantee of a bond between a product and its place of origin. The products come from a well-defined geographical zone.<\/p>\n<p>The making of the product takes place in this geographical area subject to local know-how and reputation.<\/p>\n<p>The conditions for making the product are strictly defined and checked by an independent body.<\/p>\n<p><div class=\"col-md-4\"><div class=\"\" style=\"background:url(\/wp-content\/uploads\/2016\/09\/yves-sept12-3066.jpg) no-repeat center center; background-size:cover; min-height:50vh!important;margin: 10px auto;\"><\/div><\/div><\/p>\n<p><div class=\"col-md-8 img-blc-after in-block\"><div class=\"\"><p><\/p>\n<p>\u201cTo make a good whisky, you need a good brewer to produce the malt and a good distiller to develop it. We have the first near at hand and I do the distilling and ageing in Sauterne casks (white wine from the Bordeaux region) which give a mellow softness to the alcohol doubly distilled, as in Scotland\u201d.<\/p>\n<p><span style=\"float: right; text-align: left; display: block;\">Yves LEHMANN,\u00a0<\/span><\/p>\n<p><span style=\"float: right; text-align: left; display: block;\">Master Distiller\u00a0<\/span><\/p>\n<p><\/p><\/div><\/div><\/p>\n<p><\/div><\/div><\/div><\/div><\/div>\n<div id=\"\" class=\"row\"><div class=\"img_cover_block col-md-12\"><div class=\"img_cover_medium\" style=\"background:url(\/wp-content\/uploads\/2016\/07\/mise-en-bouteille-whisky.jpg) no-repeat center center; background-size:cover;background-attachment:fixed;\"><br \/>\n<div class=\"inner_block animate_block  col-md-6\" style=\"\"><div class = \"content_center black_box\"><div class=\"content\"><h2 class=\"title\">three consecutive gold medals : 2014 \/ 2015 \/ 2016<\/h2><h3 class=\"sub_title\"><\/h3><p><br \/>\n1st French Whisky \u2013 Elsass Whisky\u00ae Single Malt\u00a0 5 Medals at the Concours G\u00e9n\u00e9ral Agricole in Paris (3 Gold medals, 1 Silver and 1 Bronze)<br \/>\n<\/p><\/div><\/div><\/div><br \/>\n<\/div><\/div><\/div>\n<div id=\"\" class=\"row\"><div class=\"desc_text_block col-md-10 col-md-offset-1\"><div class = \"content_center\"><div class=\"content\"><h2 class=\"title\">A prize-winning whisky<\/h2><h3 class=\"sub_title\"><\/h3><\/p>\n<p>Since 2014 French Whiskies have competed in the Concours G\u00e9n\u00e9ral Agricole in Paris.<\/p>\n<p>Elsass Whisky\u00ae Single Malt has won prizes on 5 occasions:<\/p>\n<p>3 Gold medals for Elsass Whisky GOLD in 2014, 2015 and 2016,<\/p>\n<p>1 Bronze medal for Elsass Whisky ORIGINE in 2014, and a Silver medal for Elsass Whisky\u2026 not as yet on the market.<\/p>\n<p><\/div><\/div><\/div><\/div>\n<h2 class=\"title\" style=\"text-align: center;\">Elsass Whisky<\/h2>\n<h3 class=\"sub_title\" style=\"text-align: center; color: #231f20; font-size: 24px;\">Discover our range of French whisky, 100% Alsatian<\/h3>\n","protected":false},"excerpt":{"rendered":"<p>Elsass Whisky Discover our range of French whisky, 100% Alsatian<\/p>\n","protected":false},"author":1,"featured_media":0,"parent":0,"menu_order":0,"comment_status":"closed","ping_status":"closed","template":"default-2021.php","meta":{"_acf_changed":false,"footnotes":""},"class_list":["post-2152","page","type-page","status-publish","hentry"],"acf":[],"yoast_head":"<!-- This site is optimized with the Yoast SEO plugin v27.3 - https:\/\/yoast.com\/product\/yoast-seo-wordpress\/ -->\n<title>French Whisky - Distillerie artisanale LEHMANN - incontournable<\/title>\n<meta name=\"description\" content=\"La Distillerie Artisanale Lehmann - Alsace propose son whisky alsacien Elsass Whisky\u00ae Single Malt qui a \u00e9t\u00e9 prim\u00e9 \u00e0 plusieurs reprises.\" \/>\n<meta name=\"robots\" content=\"index, follow, max-snippet:-1, max-image-preview:large, max-video-preview:-1\" \/>\n<link rel=\"canonical\" href=\"https:\/\/distillerielehmann.com\/en\/elsass-whisky\/\" \/>\n<meta property=\"og:locale\" content=\"en_US\" \/>\n<meta property=\"og:type\" content=\"article\" \/>\n<meta property=\"og:title\" content=\"French Whisky - Distillerie artisanale LEHMANN - incontournable\" \/>\n<meta property=\"og:description\" content=\"La Distillerie Artisanale Lehmann - Alsace propose son whisky alsacien Elsass Whisky\u00ae Single Malt qui a \u00e9t\u00e9 prim\u00e9 \u00e0 plusieurs reprises.\" \/>\n<meta property=\"og:url\" content=\"https:\/\/distillerielehmann.com\/en\/elsass-whisky\/\" \/>\n<meta property=\"og:site_name\" content=\"Distillerie artisanale LEHMANN\" \/>\n<meta property=\"article:publisher\" content=\"https:\/\/www.facebook.com\/DistillerieLehmann\/\" \/>\n<meta property=\"article:modified_time\" content=\"2020-07-22T14:58:29+00:00\" \/>\n<meta property=\"og:image\" content=\"https:\/\/distillerielehmann.com\/wp-content\/uploads\/2026\/03\/lehmann_logo-avec-baseline_vertical_noir_RVB.jpg\" \/>\n\t<meta property=\"og:image:width\" content=\"1200\" \/>\n\t<meta property=\"og:image:height\" content=\"675\" \/>\n\t<meta property=\"og:image:type\" content=\"image\/jpeg\" \/>\n<meta name=\"twitter:card\" content=\"summary_large_image\" \/>\n<meta name=\"twitter:label1\" content=\"Est. reading time\" \/>\n\t<meta name=\"twitter:data1\" content=\"1 minute\" \/>\n<script type=\"application\/ld+json\" class=\"yoast-schema-graph\">{\"@context\":\"https:\\\/\\\/schema.org\",\"@graph\":[{\"@type\":\"WebPage\",\"@id\":\"https:\\\/\\\/distillerielehmann.com\\\/en\\\/elsass-whisky\\\/\",\"url\":\"https:\\\/\\\/distillerielehmann.com\\\/en\\\/elsass-whisky\\\/\",\"name\":\"French Whisky - Distillerie artisanale LEHMANN - incontournable\",\"isPartOf\":{\"@id\":\"https:\\\/\\\/distillerielehmann.com\\\/#website\"},\"datePublished\":\"2017-10-16T13:58:01+00:00\",\"dateModified\":\"2020-07-22T14:58:29+00:00\",\"description\":\"La Distillerie Artisanale Lehmann - Alsace propose son whisky alsacien Elsass Whisky\u00ae Single Malt qui a \u00e9t\u00e9 prim\u00e9 \u00e0 plusieurs reprises.\",\"breadcrumb\":{\"@id\":\"https:\\\/\\\/distillerielehmann.com\\\/en\\\/elsass-whisky\\\/#breadcrumb\"},\"inLanguage\":\"en-US\",\"potentialAction\":[{\"@type\":\"ReadAction\",\"target\":[\"https:\\\/\\\/distillerielehmann.com\\\/en\\\/elsass-whisky\\\/\"]}]},{\"@type\":\"BreadcrumbList\",\"@id\":\"https:\\\/\\\/distillerielehmann.com\\\/en\\\/elsass-whisky\\\/#breadcrumb\",\"itemListElement\":[{\"@type\":\"ListItem\",\"position\":1,\"name\":\"Accueil\",\"item\":\"https:\\\/\\\/distillerielehmann.com\\\/\"},{\"@type\":\"ListItem\",\"position\":2,\"name\":\"French Whisky\"}]},{\"@type\":\"WebSite\",\"@id\":\"https:\\\/\\\/distillerielehmann.com\\\/#website\",\"url\":\"https:\\\/\\\/distillerielehmann.com\\\/\",\"name\":\"Distillerie Artisanale LEHMANN\",\"description\":\"Premi\u00e8re distillerie d\u2019Alsace depuis 1850\",\"publisher\":{\"@id\":\"https:\\\/\\\/distillerielehmann.com\\\/#organization\"},\"alternateName\":\"DALE\",\"potentialAction\":[{\"@type\":\"SearchAction\",\"target\":{\"@type\":\"EntryPoint\",\"urlTemplate\":\"https:\\\/\\\/distillerielehmann.com\\\/?s={search_term_string}\"},\"query-input\":{\"@type\":\"PropertyValueSpecification\",\"valueRequired\":true,\"valueName\":\"search_term_string\"}}],\"inLanguage\":\"en-US\"},{\"@type\":\"Organization\",\"@id\":\"https:\\\/\\\/distillerielehmann.com\\\/#organization\",\"name\":\"Distillerie Artisanale LEHMANN\",\"url\":\"https:\\\/\\\/distillerielehmann.com\\\/\",\"logo\":{\"@type\":\"ImageObject\",\"inLanguage\":\"en-US\",\"@id\":\"https:\\\/\\\/distillerielehmann.com\\\/#\\\/schema\\\/logo\\\/image\\\/\",\"url\":\"https:\\\/\\\/distillerielehmann.com\\\/wp-content\\\/uploads\\\/2026\\\/03\\\/lehmann_logo-avec-baseline_vertical_noir_RVB_696.jpg\",\"contentUrl\":\"https:\\\/\\\/distillerielehmann.com\\\/wp-content\\\/uploads\\\/2026\\\/03\\\/lehmann_logo-avec-baseline_vertical_noir_RVB_696.jpg\",\"width\":696,\"height\":696,\"caption\":\"Distillerie Artisanale LEHMANN\"},\"image\":{\"@id\":\"https:\\\/\\\/distillerielehmann.com\\\/#\\\/schema\\\/logo\\\/image\\\/\"},\"sameAs\":[\"https:\\\/\\\/www.facebook.com\\\/DistillerieLehmann\\\/\",\"https:\\\/\\\/www.linkedin.com\\\/company\\\/les-eaux-de-vie-j-et-m-lehmann\\\/\"]}]}<\/script>\n<!-- \/ Yoast SEO plugin. -->","yoast_head_json":{"title":"French Whisky - Distillerie artisanale LEHMANN - incontournable","description":"La Distillerie Artisanale Lehmann - Alsace propose son whisky alsacien Elsass Whisky\u00ae Single Malt qui a \u00e9t\u00e9 prim\u00e9 \u00e0 plusieurs reprises.","robots":{"index":"index","follow":"follow","max-snippet":"max-snippet:-1","max-image-preview":"max-image-preview:large","max-video-preview":"max-video-preview:-1"},"canonical":"https:\/\/distillerielehmann.com\/en\/elsass-whisky\/","og_locale":"en_US","og_type":"article","og_title":"French Whisky - Distillerie artisanale LEHMANN - incontournable","og_description":"La Distillerie Artisanale Lehmann - Alsace propose son whisky alsacien Elsass Whisky\u00ae Single Malt qui a \u00e9t\u00e9 prim\u00e9 \u00e0 plusieurs reprises.","og_url":"https:\/\/distillerielehmann.com\/en\/elsass-whisky\/","og_site_name":"Distillerie artisanale LEHMANN","article_publisher":"https:\/\/www.facebook.com\/DistillerieLehmann\/","article_modified_time":"2020-07-22T14:58:29+00:00","og_image":[{"width":1200,"height":675,"url":"https:\/\/distillerielehmann.com\/wp-content\/uploads\/2026\/03\/lehmann_logo-avec-baseline_vertical_noir_RVB.jpg","type":"image\/jpeg"}],"twitter_card":"summary_large_image","twitter_misc":{"Est. reading time":"1 minute"},"schema":{"@context":"https:\/\/schema.org","@graph":[{"@type":"WebPage","@id":"https:\/\/distillerielehmann.com\/en\/elsass-whisky\/","url":"https:\/\/distillerielehmann.com\/en\/elsass-whisky\/","name":"French Whisky - Distillerie artisanale LEHMANN - incontournable","isPartOf":{"@id":"https:\/\/distillerielehmann.com\/#website"},"datePublished":"2017-10-16T13:58:01+00:00","dateModified":"2020-07-22T14:58:29+00:00","description":"La Distillerie Artisanale Lehmann - Alsace propose son whisky alsacien Elsass Whisky\u00ae Single Malt qui a \u00e9t\u00e9 prim\u00e9 \u00e0 plusieurs reprises.","breadcrumb":{"@id":"https:\/\/distillerielehmann.com\/en\/elsass-whisky\/#breadcrumb"},"inLanguage":"en-US","potentialAction":[{"@type":"ReadAction","target":["https:\/\/distillerielehmann.com\/en\/elsass-whisky\/"]}]},{"@type":"BreadcrumbList","@id":"https:\/\/distillerielehmann.com\/en\/elsass-whisky\/#breadcrumb","itemListElement":[{"@type":"ListItem","position":1,"name":"Accueil","item":"https:\/\/distillerielehmann.com\/"},{"@type":"ListItem","position":2,"name":"French Whisky"}]},{"@type":"WebSite","@id":"https:\/\/distillerielehmann.com\/#website","url":"https:\/\/distillerielehmann.com\/","name":"Distillerie Artisanale LEHMANN","description":"Premi\u00e8re distillerie d\u2019Alsace depuis 1850","publisher":{"@id":"https:\/\/distillerielehmann.com\/#organization"},"alternateName":"DALE","potentialAction":[{"@type":"SearchAction","target":{"@type":"EntryPoint","urlTemplate":"https:\/\/distillerielehmann.com\/?s={search_term_string}"},"query-input":{"@type":"PropertyValueSpecification","valueRequired":true,"valueName":"search_term_string"}}],"inLanguage":"en-US"},{"@type":"Organization","@id":"https:\/\/distillerielehmann.com\/#organization","name":"Distillerie Artisanale LEHMANN","url":"https:\/\/distillerielehmann.com\/","logo":{"@type":"ImageObject","inLanguage":"en-US","@id":"https:\/\/distillerielehmann.com\/#\/schema\/logo\/image\/","url":"https:\/\/distillerielehmann.com\/wp-content\/uploads\/2026\/03\/lehmann_logo-avec-baseline_vertical_noir_RVB_696.jpg","contentUrl":"https:\/\/distillerielehmann.com\/wp-content\/uploads\/2026\/03\/lehmann_logo-avec-baseline_vertical_noir_RVB_696.jpg","width":696,"height":696,"caption":"Distillerie Artisanale LEHMANN"},"image":{"@id":"https:\/\/distillerielehmann.com\/#\/schema\/logo\/image\/"},"sameAs":["https:\/\/www.facebook.com\/DistillerieLehmann\/","https:\/\/www.linkedin.com\/company\/les-eaux-de-vie-j-et-m-lehmann\/"]}]}},"_links":{"self":[{"href":"https:\/\/distillerielehmann.com\/en\/wp-json\/wp\/v2\/pages\/2152","targetHints":{"allow":["GET"]}}],"collection":[{"href":"https:\/\/distillerielehmann.com\/en\/wp-json\/wp\/v2\/pages"}],"about":[{"href":"https:\/\/distillerielehmann.com\/en\/wp-json\/wp\/v2\/types\/page"}],"author":[{"embeddable":true,"href":"https:\/\/distillerielehmann.com\/en\/wp-json\/wp\/v2\/users\/1"}],"replies":[{"embeddable":true,"href":"https:\/\/distillerielehmann.com\/en\/wp-json\/wp\/v2\/comments?post=2152"}],"version-history":[{"count":5,"href":"https:\/\/distillerielehmann.com\/en\/wp-json\/wp\/v2\/pages\/2152\/revisions"}],"predecessor-version":[{"id":3975,"href":"https:\/\/distillerielehmann.com\/en\/wp-json\/wp\/v2\/pages\/2152\/revisions\/3975"}],"wp:attachment":[{"href":"https:\/\/distillerielehmann.com\/en\/wp-json\/wp\/v2\/media?parent=2152"}],"curies":[{"name":"wp","href":"https:\/\/api.w.org\/{rel}","templated":true}]}}