{"id":2150,"date":"2017-10-16T15:57:44","date_gmt":"2017-10-16T13:57:44","guid":{"rendered":"http:\/\/www.distillerielehmann.com\/?page_id=2150"},"modified":"2018-03-17T10:35:10","modified_gmt":"2018-03-17T09:35:10","slug":"millesime-1992","status":"publish","type":"page","link":"https:\/\/distillerielehmann.com\/en\/eaux-de-vie-prestige\/millesime-1992\/","title":{"rendered":"Vintage 1992"},"content":{"rendered":"<div id=\"\" class=\"row\"><div class=\"desc_text_block col-md-10 col-md-offset-1\"><div class = \"content_center\"><div class=\"content\"><h2 class=\"title\">Exceptional Eaux-de-Vie<\/h2><h3 class=\"sub_title\">Late Harvest Alsatian Gewurztraminer Marc Vintage 1992<\/h3><\/p>\n<p>Distilled in 1992, the coppery colour of this late harvest Alsatian gewurztraminer Marc reveals a pure nectar. 45% vol.<\/p>\n<p><\/div><\/div><\/div><\/div>\n<div class=\"col-md-10 col-md-offset-1 in-block\"><div class=\"\"><p><\/p>\n<p><div class=\"col-md-4 col-md-offset-2\"><div class=\"\" style=\"background:url(\/wp-content\/uploads\/2017\/09\/MGVT-50-min.jpg) no-repeat center center; background-size:cover; min-height:50vh!important;margin: 10px auto;\"><\/div><\/div><br \/>\n<div class=\"col-md-4\"><div class=\"\" style=\"background:url(\/wp-content\/uploads\/2017\/09\/MGVT-70-min.jpg) no-repeat center center; background-size:cover; min-height:50vh!important;margin: 10px auto;\"><\/div><\/div><\/p>\n<p><\/p><\/div><\/div>\n<div id=\"\" class=\"row\"><div class=\"desc_text_block col-md-10 col-md-offset-1\"><div class = \"content_center\"><div class=\"content\"><h2 class=\"title\"><\/h2><h3 class=\"sub_title\"><\/h3><\/p>\n<h3>TASTING<\/h3>\n<p><strong>Appearance:<\/strong> a coppery brilliance with sparkling glints and beautiful tears.<\/p>\n<p><strong>Nose:<\/strong> a real explosion of aromas, rich and expressive, characterize this famous grape, the Gewurztraminer.<\/p>\n<p><strong>Palate:<\/strong> intense notes of a beautiful aromatic complexity, a mix of woody, spicy and fruity aromas with hints of cocoa bean, litchee and very ripe grapes.<\/p>\n<p>And finally a beautiful long finish !<\/p>\n<h3>DISTILLATION AND AGING<\/h3>\n<p>It is obtained by the double distillation of a late harvest Gewurztraminer Marc, an emblematic grape variety of our region. This Late Harvest Alsatian Gewurztraminer Marc is 1992 vintage.<\/p>\n<h3>THE ART OF TASTING, MAKE YOUR SENSES COME ALIVE<\/h3>\n<p>Drinking this brandy is a real ceremony.<\/p>\n<p>It all begins with choosing a glass. Select preferably a tulip-shaped glass, which will allow the eau-de-vie to express all its qualities.<\/p>\n<p>Then pour 2 to 3 cl of eau-de-vie into the glass.Serve Alsatian Gewurztraminer Marc at a temperature of 8 to 9 degrees in a suitable glass, admire the copper colour with its shimmering sparkle produced by the tears that appear on the glass,\u00a0and let yourself be intoxicated by the fragrance of the almost crystallized ripe grape, enhanced by notes of cocoa<\/p>\n<p>It will reveal magnificently all its quintessence, all its aromas, and the pleasure will be intense.<\/p>\n<h3>TASTING SUGGESTION<\/h3>\n<p>As a digestive, this exceptional eau-de-vie should be drunk preferably at room temperature after a good gastronomic meal.<\/p>\n<p>&nbsp;<\/p>\n<p><\/div><\/div><\/div><\/div>\n<p>&nbsp;<\/p>\n<h2 class=\"title\" style=\"text-align: center;\">Discover<\/h2>\n<p>&nbsp;<\/p>\n","protected":false},"excerpt":{"rendered":"<p>&nbsp; Discover &nbsp;<\/p>\n","protected":false},"author":1,"featured_media":1743,"parent":2147,"menu_order":3,"comment_status":"closed","ping_status":"closed","template":"default_nav_page.php","meta":{"_acf_changed":false,"footnotes":""},"class_list":["post-2150","page","type-page","status-publish","has-post-thumbnail","hentry"],"acf":[],"yoast_head":"<!-- This site is optimized with the Yoast SEO plugin v27.3 - https:\/\/yoast.com\/product\/yoast-seo-wordpress\/ -->\n<title>Vintage 1992 - Distillerie artisanale LEHMANN - Hors d&#039;\u00e2ge<\/title>\n<meta name=\"description\" content=\"Hors d&#039;\u00e2ge, ce Marc de Gewurztraminer issu de vendanges tardives mill\u00e9sime 1992 est exceptionnelle. Une eau-de-vie d&#039;une qualit\u00e9 remarquable.\" \/>\n<meta name=\"robots\" content=\"index, follow, max-snippet:-1, max-image-preview:large, max-video-preview:-1\" \/>\n<link rel=\"canonical\" href=\"https:\/\/distillerielehmann.com\/en\/eaux-de-vie-prestige\/millesime-1992\/\" \/>\n<meta property=\"og:locale\" content=\"en_US\" \/>\n<meta property=\"og:type\" content=\"article\" \/>\n<meta property=\"og:title\" content=\"Vintage 1992 - Distillerie artisanale LEHMANN - Hors d&#039;\u00e2ge\" \/>\n<meta property=\"og:description\" content=\"Hors d&#039;\u00e2ge, ce Marc de Gewurztraminer issu de vendanges tardives mill\u00e9sime 1992 est exceptionnelle. Une eau-de-vie d&#039;une qualit\u00e9 remarquable.\" \/>\n<meta property=\"og:url\" content=\"https:\/\/distillerielehmann.com\/en\/eaux-de-vie-prestige\/millesime-1992\/\" \/>\n<meta property=\"og:site_name\" content=\"Distillerie artisanale LEHMANN\" \/>\n<meta property=\"article:publisher\" content=\"https:\/\/www.facebook.com\/DistillerieLehmann\/\" \/>\n<meta property=\"article:modified_time\" content=\"2018-03-17T09:35:10+00:00\" \/>\n<meta property=\"og:image\" content=\"https:\/\/distillerielehmann.com\/wp-content\/uploads\/2016\/08\/bandeau-edvp.jpg\" \/>\n\t<meta property=\"og:image:width\" content=\"1980\" \/>\n\t<meta property=\"og:image:height\" content=\"699\" \/>\n\t<meta property=\"og:image:type\" content=\"image\/jpeg\" \/>\n<meta name=\"twitter:card\" content=\"summary_large_image\" \/>\n<meta name=\"twitter:label1\" content=\"Est. reading time\" \/>\n\t<meta name=\"twitter:data1\" content=\"1 minute\" \/>\n<script type=\"application\/ld+json\" class=\"yoast-schema-graph\">{\"@context\":\"https:\\\/\\\/schema.org\",\"@graph\":[{\"@type\":\"WebPage\",\"@id\":\"https:\\\/\\\/distillerielehmann.com\\\/en\\\/eaux-de-vie-prestige\\\/millesime-1992\\\/\",\"url\":\"https:\\\/\\\/distillerielehmann.com\\\/en\\\/eaux-de-vie-prestige\\\/millesime-1992\\\/\",\"name\":\"Vintage 1992 - Distillerie artisanale LEHMANN - Hors d'\u00e2ge\",\"isPartOf\":{\"@id\":\"https:\\\/\\\/distillerielehmann.com\\\/#website\"},\"primaryImageOfPage\":{\"@id\":\"https:\\\/\\\/distillerielehmann.com\\\/en\\\/eaux-de-vie-prestige\\\/millesime-1992\\\/#primaryimage\"},\"image\":{\"@id\":\"https:\\\/\\\/distillerielehmann.com\\\/en\\\/eaux-de-vie-prestige\\\/millesime-1992\\\/#primaryimage\"},\"thumbnailUrl\":\"https:\\\/\\\/distillerielehmann.com\\\/wp-content\\\/uploads\\\/2016\\\/08\\\/bandeau-edvp.jpg\",\"datePublished\":\"2017-10-16T13:57:44+00:00\",\"dateModified\":\"2018-03-17T09:35:10+00:00\",\"description\":\"Hors d'\u00e2ge, ce Marc de Gewurztraminer issu de vendanges tardives mill\u00e9sime 1992 est exceptionnelle. Une eau-de-vie d'une qualit\u00e9 remarquable.\",\"breadcrumb\":{\"@id\":\"https:\\\/\\\/distillerielehmann.com\\\/en\\\/eaux-de-vie-prestige\\\/millesime-1992\\\/#breadcrumb\"},\"inLanguage\":\"en-US\",\"potentialAction\":[{\"@type\":\"ReadAction\",\"target\":[\"https:\\\/\\\/distillerielehmann.com\\\/en\\\/eaux-de-vie-prestige\\\/millesime-1992\\\/\"]}]},{\"@type\":\"ImageObject\",\"inLanguage\":\"en-US\",\"@id\":\"https:\\\/\\\/distillerielehmann.com\\\/en\\\/eaux-de-vie-prestige\\\/millesime-1992\\\/#primaryimage\",\"url\":\"https:\\\/\\\/distillerielehmann.com\\\/wp-content\\\/uploads\\\/2016\\\/08\\\/bandeau-edvp.jpg\",\"contentUrl\":\"https:\\\/\\\/distillerielehmann.com\\\/wp-content\\\/uploads\\\/2016\\\/08\\\/bandeau-edvp.jpg\",\"width\":1980,\"height\":699},{\"@type\":\"BreadcrumbList\",\"@id\":\"https:\\\/\\\/distillerielehmann.com\\\/en\\\/eaux-de-vie-prestige\\\/millesime-1992\\\/#breadcrumb\",\"itemListElement\":[{\"@type\":\"ListItem\",\"position\":1,\"name\":\"Accueil\",\"item\":\"https:\\\/\\\/distillerielehmann.com\\\/\"},{\"@type\":\"ListItem\",\"position\":2,\"name\":\"Excellence Eaux-de-Vie\",\"item\":\"https:\\\/\\\/distillerielehmann.com\\\/en\\\/eaux-de-vie-prestige\\\/\"},{\"@type\":\"ListItem\",\"position\":3,\"name\":\"Vintage 1992\"}]},{\"@type\":\"WebSite\",\"@id\":\"https:\\\/\\\/distillerielehmann.com\\\/#website\",\"url\":\"https:\\\/\\\/distillerielehmann.com\\\/\",\"name\":\"Distillerie Artisanale LEHMANN\",\"description\":\"Premi\u00e8re distillerie d\u2019Alsace depuis 1850\",\"publisher\":{\"@id\":\"https:\\\/\\\/distillerielehmann.com\\\/#organization\"},\"alternateName\":\"DALE\",\"potentialAction\":[{\"@type\":\"SearchAction\",\"target\":{\"@type\":\"EntryPoint\",\"urlTemplate\":\"https:\\\/\\\/distillerielehmann.com\\\/?s={search_term_string}\"},\"query-input\":{\"@type\":\"PropertyValueSpecification\",\"valueRequired\":true,\"valueName\":\"search_term_string\"}}],\"inLanguage\":\"en-US\"},{\"@type\":\"Organization\",\"@id\":\"https:\\\/\\\/distillerielehmann.com\\\/#organization\",\"name\":\"Distillerie Artisanale LEHMANN\",\"url\":\"https:\\\/\\\/distillerielehmann.com\\\/\",\"logo\":{\"@type\":\"ImageObject\",\"inLanguage\":\"en-US\",\"@id\":\"https:\\\/\\\/distillerielehmann.com\\\/#\\\/schema\\\/logo\\\/image\\\/\",\"url\":\"https:\\\/\\\/distillerielehmann.com\\\/wp-content\\\/uploads\\\/2026\\\/03\\\/lehmann_logo-avec-baseline_vertical_noir_RVB_696.jpg\",\"contentUrl\":\"https:\\\/\\\/distillerielehmann.com\\\/wp-content\\\/uploads\\\/2026\\\/03\\\/lehmann_logo-avec-baseline_vertical_noir_RVB_696.jpg\",\"width\":696,\"height\":696,\"caption\":\"Distillerie Artisanale LEHMANN\"},\"image\":{\"@id\":\"https:\\\/\\\/distillerielehmann.com\\\/#\\\/schema\\\/logo\\\/image\\\/\"},\"sameAs\":[\"https:\\\/\\\/www.facebook.com\\\/DistillerieLehmann\\\/\",\"https:\\\/\\\/www.linkedin.com\\\/company\\\/les-eaux-de-vie-j-et-m-lehmann\\\/\"]}]}<\/script>\n<!-- \/ Yoast SEO plugin. -->","yoast_head_json":{"title":"Vintage 1992 - Distillerie artisanale LEHMANN - Hors d'\u00e2ge","description":"Hors d'\u00e2ge, ce Marc de Gewurztraminer issu de vendanges tardives mill\u00e9sime 1992 est exceptionnelle. Une eau-de-vie d'une qualit\u00e9 remarquable.","robots":{"index":"index","follow":"follow","max-snippet":"max-snippet:-1","max-image-preview":"max-image-preview:large","max-video-preview":"max-video-preview:-1"},"canonical":"https:\/\/distillerielehmann.com\/en\/eaux-de-vie-prestige\/millesime-1992\/","og_locale":"en_US","og_type":"article","og_title":"Vintage 1992 - Distillerie artisanale LEHMANN - Hors d'\u00e2ge","og_description":"Hors d'\u00e2ge, ce Marc de Gewurztraminer issu de vendanges tardives mill\u00e9sime 1992 est exceptionnelle. Une eau-de-vie d'une qualit\u00e9 remarquable.","og_url":"https:\/\/distillerielehmann.com\/en\/eaux-de-vie-prestige\/millesime-1992\/","og_site_name":"Distillerie artisanale LEHMANN","article_publisher":"https:\/\/www.facebook.com\/DistillerieLehmann\/","article_modified_time":"2018-03-17T09:35:10+00:00","og_image":[{"width":1980,"height":699,"url":"https:\/\/distillerielehmann.com\/wp-content\/uploads\/2016\/08\/bandeau-edvp.jpg","type":"image\/jpeg"}],"twitter_card":"summary_large_image","twitter_misc":{"Est. reading time":"1 minute"},"schema":{"@context":"https:\/\/schema.org","@graph":[{"@type":"WebPage","@id":"https:\/\/distillerielehmann.com\/en\/eaux-de-vie-prestige\/millesime-1992\/","url":"https:\/\/distillerielehmann.com\/en\/eaux-de-vie-prestige\/millesime-1992\/","name":"Vintage 1992 - Distillerie artisanale LEHMANN - Hors d'\u00e2ge","isPartOf":{"@id":"https:\/\/distillerielehmann.com\/#website"},"primaryImageOfPage":{"@id":"https:\/\/distillerielehmann.com\/en\/eaux-de-vie-prestige\/millesime-1992\/#primaryimage"},"image":{"@id":"https:\/\/distillerielehmann.com\/en\/eaux-de-vie-prestige\/millesime-1992\/#primaryimage"},"thumbnailUrl":"https:\/\/distillerielehmann.com\/wp-content\/uploads\/2016\/08\/bandeau-edvp.jpg","datePublished":"2017-10-16T13:57:44+00:00","dateModified":"2018-03-17T09:35:10+00:00","description":"Hors d'\u00e2ge, ce Marc de Gewurztraminer issu de vendanges tardives mill\u00e9sime 1992 est exceptionnelle. Une eau-de-vie d'une qualit\u00e9 remarquable.","breadcrumb":{"@id":"https:\/\/distillerielehmann.com\/en\/eaux-de-vie-prestige\/millesime-1992\/#breadcrumb"},"inLanguage":"en-US","potentialAction":[{"@type":"ReadAction","target":["https:\/\/distillerielehmann.com\/en\/eaux-de-vie-prestige\/millesime-1992\/"]}]},{"@type":"ImageObject","inLanguage":"en-US","@id":"https:\/\/distillerielehmann.com\/en\/eaux-de-vie-prestige\/millesime-1992\/#primaryimage","url":"https:\/\/distillerielehmann.com\/wp-content\/uploads\/2016\/08\/bandeau-edvp.jpg","contentUrl":"https:\/\/distillerielehmann.com\/wp-content\/uploads\/2016\/08\/bandeau-edvp.jpg","width":1980,"height":699},{"@type":"BreadcrumbList","@id":"https:\/\/distillerielehmann.com\/en\/eaux-de-vie-prestige\/millesime-1992\/#breadcrumb","itemListElement":[{"@type":"ListItem","position":1,"name":"Accueil","item":"https:\/\/distillerielehmann.com\/"},{"@type":"ListItem","position":2,"name":"Excellence Eaux-de-Vie","item":"https:\/\/distillerielehmann.com\/en\/eaux-de-vie-prestige\/"},{"@type":"ListItem","position":3,"name":"Vintage 1992"}]},{"@type":"WebSite","@id":"https:\/\/distillerielehmann.com\/#website","url":"https:\/\/distillerielehmann.com\/","name":"Distillerie Artisanale LEHMANN","description":"Premi\u00e8re distillerie d\u2019Alsace depuis 1850","publisher":{"@id":"https:\/\/distillerielehmann.com\/#organization"},"alternateName":"DALE","potentialAction":[{"@type":"SearchAction","target":{"@type":"EntryPoint","urlTemplate":"https:\/\/distillerielehmann.com\/?s={search_term_string}"},"query-input":{"@type":"PropertyValueSpecification","valueRequired":true,"valueName":"search_term_string"}}],"inLanguage":"en-US"},{"@type":"Organization","@id":"https:\/\/distillerielehmann.com\/#organization","name":"Distillerie Artisanale LEHMANN","url":"https:\/\/distillerielehmann.com\/","logo":{"@type":"ImageObject","inLanguage":"en-US","@id":"https:\/\/distillerielehmann.com\/#\/schema\/logo\/image\/","url":"https:\/\/distillerielehmann.com\/wp-content\/uploads\/2026\/03\/lehmann_logo-avec-baseline_vertical_noir_RVB_696.jpg","contentUrl":"https:\/\/distillerielehmann.com\/wp-content\/uploads\/2026\/03\/lehmann_logo-avec-baseline_vertical_noir_RVB_696.jpg","width":696,"height":696,"caption":"Distillerie Artisanale LEHMANN"},"image":{"@id":"https:\/\/distillerielehmann.com\/#\/schema\/logo\/image\/"},"sameAs":["https:\/\/www.facebook.com\/DistillerieLehmann\/","https:\/\/www.linkedin.com\/company\/les-eaux-de-vie-j-et-m-lehmann\/"]}]}},"_links":{"self":[{"href":"https:\/\/distillerielehmann.com\/en\/wp-json\/wp\/v2\/pages\/2150","targetHints":{"allow":["GET"]}}],"collection":[{"href":"https:\/\/distillerielehmann.com\/en\/wp-json\/wp\/v2\/pages"}],"about":[{"href":"https:\/\/distillerielehmann.com\/en\/wp-json\/wp\/v2\/types\/page"}],"author":[{"embeddable":true,"href":"https:\/\/distillerielehmann.com\/en\/wp-json\/wp\/v2\/users\/1"}],"replies":[{"embeddable":true,"href":"https:\/\/distillerielehmann.com\/en\/wp-json\/wp\/v2\/comments?post=2150"}],"version-history":[{"count":3,"href":"https:\/\/distillerielehmann.com\/en\/wp-json\/wp\/v2\/pages\/2150\/revisions"}],"predecessor-version":[{"id":2687,"href":"https:\/\/distillerielehmann.com\/en\/wp-json\/wp\/v2\/pages\/2150\/revisions\/2687"}],"up":[{"embeddable":true,"href":"https:\/\/distillerielehmann.com\/en\/wp-json\/wp\/v2\/pages\/2147"}],"wp:featuredmedia":[{"embeddable":true,"href":"https:\/\/distillerielehmann.com\/en\/wp-json\/wp\/v2\/media\/1743"}],"wp:attachment":[{"href":"https:\/\/distillerielehmann.com\/en\/wp-json\/wp\/v2\/media?parent=2150"}],"curies":[{"name":"wp","href":"https:\/\/api.w.org\/{rel}","templated":true}]}}