{"id":2147,"date":"2017-10-16T15:57:21","date_gmt":"2017-10-16T13:57:21","guid":{"rendered":"http:\/\/www.distillerielehmann.com\/?page_id=2147"},"modified":"2019-04-02T16:03:56","modified_gmt":"2019-04-02T14:03:56","slug":"eaux-de-vie-prestige","status":"publish","type":"page","link":"https:\/\/distillerielehmann.com\/en\/eaux-de-vie-prestige\/","title":{"rendered":"Excellence Eaux-de-Vie"},"content":{"rendered":"<div id=\"\" class=\"row\"><div class=\"desc_text_block col-md-10 col-md-offset-1\"><div class = \"content_center\"><div class=\"content\"><h2 class=\"title\">family reserve<\/h2><h3 class=\"sub_title\"><\/h3><\/p>\n<p>A minimum of 8 years in a \u201cDame Jeanne\u201d (glass demijohn) gives a greater fullness and subtlety to these exceptional vintages. These brandies are only produced in the best years when the quality of the fruit is exceptional.<\/p>\n<h3>the work of time<\/h3>\n<p>Only the <em><strong>\u201cCoeur de chauffe\u201d<\/strong><\/em> is kept to age.<\/p>\n<p>To keep up with tradition, it\u2019s in the attic of the \u201cchai\u201d (the wine and spirit storehouse) that the Dames Jeanne are placed away from the light, there where the changing whims of the weather create warm, cool and cold conditions, sometimes with very big differences in temperature. During this long ageing process punctuated by the changes of temperature and season, the eau-de-vie develops and acquires the smoothness and roundness necessary to earn its title of Exceptional Eau-de-vie.<\/p>\n<p>The Master Distiller is a craftsman, an artist in harmony with nature, with \u201creal\u201d products. He has the secret of time, he knows his eaux-de-vie and the exact number of years necessary to age them.<\/p>\n<p>When the Master Distiller considers that the eau-de-vie has reached maturity and deserves its title of \u201cExceptional\u201d, at that moment the bottling process can begin.<\/p>\n<p><\/div><\/div><\/div><\/div>\n<div id=\"\" class=\"row\"><div class=\"img_cover_block col-md-12\"><div class=\"img_cover_medium\" style=\"background:url(\/wp-content\/uploads\/2017\/09\/RESERVE-DE-FAMILLE-1-min.jpg) no-repeat center center; background-size:cover;background-attachment:fixed;background-position:50% 80%!important;\"><br \/>\n<div class=\"inner_block animate_block  col-md-6\" style=\"\"><div class = \"content_center black_box\"><div class=\"content\"><h2 class=\"title\">Family reserve<\/h2><h3 class=\"sub_title\"><\/h3><p><\/p>\n<p>A minimum of 8 years in a Dame Jeanne gives a greater fullness and subtlety to these exceptional eaux-de-vie. <\/p><\/div><\/div><\/div><br \/>\n<\/div><\/div><\/div>\n<div id=\"\" class=\"row\"><div class=\"desc_text_block col-md-10 col-md-offset-1\"><div class = \"content_center\"><div class=\"content\"><h2 class=\"title\">Vintage 1992 <\/h2><h3 class=\"sub_title\"><\/h3><\/p>\n<h3>ALSATIAN GEWURZTRAMINER MARC EAU-DE-VIE<\/h3>\n<h3>LATE HARVEST<\/h3>\n<p>Distilled in 1992, the coppery colour of this late harvest Alsatian Gewurztraminer Marc reveals a pure nectar.<\/p>\n<p>Drinking this brandy is a real ceremony. Serve Gewurztraminer Marc at a temperature of 8 to 9 degrees in a suitable glass, admire the copper colour with its shimmering sparkle produced by the tears that appear on the glass and allow yourself to be intoxicated by the fragance of the almost crystallized ripe grape, enhanced by notes of cocoa bean.<\/p>\n<p>On the palate, the first impression is of sweetness followed by a very pleasant surge of power with an inimitable taste of chocolate, which characterizes this Gewurztraminer Marc and finally, a beautiful long finish.<\/p>\n<p>Pure pleasure!<\/p>\n<p><\/div><\/div><\/div><\/div>\n<div id=\"\" class=\"row\"><div class=\"img_cover_block col-md-12\"><div class=\"img_cover_medium\" style=\"background:url(\/wp-content\/uploads\/2016\/08\/MGVT-50-70.jpg) no-repeat center center; background-size:cover;background-attachment:fixed;background-position:50% 80%!important;\"><br \/>\n<div class=\"inner_block animate_block  col-md-6\" style=\"\"><div class = \"content_center black_box\"><div class=\"content\"><h2 class=\"title\">VINTAGE 1992<\/h2><h3 class=\"sub_title\"><\/h3><p><\/p>\n<p>Late harvest Alsatian Gewurztraminer Marc<\/p>\n<p><\/p><\/div><\/div><\/div><br \/>\n<\/div><\/div><\/div>\n<div id=\"\" class=\"row\"><div class=\"desc_text_block col-md-10 col-md-offset-1\"><div class = \"content_center\"><div class=\"content\"><h2 class=\"title\">Medal eaux-de-vie <\/h2><h3 class=\"sub_title\"><\/h3><\/p>\n<p>Since 1986 our eaux-de-vie have won prizes every year in different competitions. In 2011 the distillery achieved the high distinction of winning 6 Gold medals and 2 Silver medals at the Concours G\u00e9n\u00e9ral Agricole in Paris.<\/p>\n<p><\/div><\/div><\/div><\/div>\n<div id=\"\" class=\"row\"><div class=\"img_cover_block col-md-12\"><div class=\"img_cover_medium\" style=\"background:url(\/wp-content\/uploads\/2017\/09\/photo-edv-m\u0082daill\u0082es-pour-site-min.jpg) no-repeat center center; background-size:cover;background-attachment:fixed;background-position:50% 80%!important;\"><br \/>\n<div class=\"inner_block animate_block  col-md-6\" style=\"\"><div class = \"content_center black_box\"><div class=\"content\"><h2 class=\"title\">Medal Eaux-de-vie<\/h2><h3 class=\"sub_title\"><\/h3><p><br \/>\nKnow-how which wins prizes every year.<br \/>\n<\/p><\/div><\/div><\/div><br \/>\n<\/div><\/div><\/div>\n<h2><\/h2>\n<h2 class=\"title\" style=\"text-align: center;\">Excellence Eaux-de-Vie<\/h2>\n<h3 class=\"sub_title\" style=\"text-align: center; color: #231f20; font-size: 24px;\">DISCOVER<\/h3>\n","protected":false},"excerpt":{"rendered":"<p>Excellence Eaux-de-Vie DISCOVER<\/p>\n","protected":false},"author":1,"featured_media":0,"parent":0,"menu_order":0,"comment_status":"closed","ping_status":"closed","template":"default_nav_page.php","meta":{"_acf_changed":false,"footnotes":""},"class_list":["post-2147","page","type-page","status-publish","hentry"],"acf":[],"yoast_head":"<!-- This site is optimized with the Yoast SEO plugin v27.3 - https:\/\/yoast.com\/product\/yoast-seo-wordpress\/ -->\n<title>Excellence Eaux-de-Vie - Distillerie artisanale LEHMANN<\/title>\n<meta name=\"description\" content=\"Eaux-de-vie issues de cuv\u00e9es exceptionnelles, seul le c\u0153ur de chauffe est destin\u00e9 au vieillissement, Poire Williams, Framboise sauvage...\" \/>\n<meta name=\"robots\" content=\"index, follow, max-snippet:-1, max-image-preview:large, max-video-preview:-1\" \/>\n<link rel=\"canonical\" href=\"https:\/\/distillerielehmann.com\/en\/eaux-de-vie-prestige\/\" \/>\n<meta property=\"og:locale\" content=\"en_US\" \/>\n<meta property=\"og:type\" content=\"article\" \/>\n<meta property=\"og:title\" content=\"Excellence Eaux-de-Vie - Distillerie artisanale LEHMANN\" \/>\n<meta property=\"og:description\" content=\"Eaux-de-vie issues de cuv\u00e9es exceptionnelles, seul le c\u0153ur de chauffe est destin\u00e9 au vieillissement, Poire Williams, Framboise sauvage...\" \/>\n<meta property=\"og:url\" content=\"https:\/\/distillerielehmann.com\/en\/eaux-de-vie-prestige\/\" \/>\n<meta property=\"og:site_name\" content=\"Distillerie artisanale LEHMANN\" \/>\n<meta property=\"article:publisher\" content=\"https:\/\/www.facebook.com\/DistillerieLehmann\/\" \/>\n<meta property=\"article:modified_time\" content=\"2019-04-02T14:03:56+00:00\" \/>\n<meta property=\"og:image\" content=\"https:\/\/distillerielehmann.com\/wp-content\/uploads\/2026\/03\/lehmann_logo-avec-baseline_vertical_noir_RVB.jpg\" \/>\n\t<meta property=\"og:image:width\" content=\"1200\" \/>\n\t<meta property=\"og:image:height\" content=\"675\" \/>\n\t<meta property=\"og:image:type\" content=\"image\/jpeg\" \/>\n<meta name=\"twitter:card\" content=\"summary_large_image\" \/>\n<meta name=\"twitter:label1\" content=\"Est. reading time\" \/>\n\t<meta name=\"twitter:data1\" content=\"2 minutes\" \/>\n<script type=\"application\/ld+json\" class=\"yoast-schema-graph\">{\"@context\":\"https:\\\/\\\/schema.org\",\"@graph\":[{\"@type\":\"WebPage\",\"@id\":\"https:\\\/\\\/distillerielehmann.com\\\/en\\\/eaux-de-vie-prestige\\\/\",\"url\":\"https:\\\/\\\/distillerielehmann.com\\\/en\\\/eaux-de-vie-prestige\\\/\",\"name\":\"Excellence Eaux-de-Vie - Distillerie artisanale LEHMANN\",\"isPartOf\":{\"@id\":\"https:\\\/\\\/distillerielehmann.com\\\/#website\"},\"datePublished\":\"2017-10-16T13:57:21+00:00\",\"dateModified\":\"2019-04-02T14:03:56+00:00\",\"description\":\"Eaux-de-vie issues de cuv\u00e9es exceptionnelles, seul le c\u0153ur de chauffe est destin\u00e9 au vieillissement, Poire Williams, Framboise sauvage...\",\"breadcrumb\":{\"@id\":\"https:\\\/\\\/distillerielehmann.com\\\/en\\\/eaux-de-vie-prestige\\\/#breadcrumb\"},\"inLanguage\":\"en-US\",\"potentialAction\":[{\"@type\":\"ReadAction\",\"target\":[\"https:\\\/\\\/distillerielehmann.com\\\/en\\\/eaux-de-vie-prestige\\\/\"]}]},{\"@type\":\"BreadcrumbList\",\"@id\":\"https:\\\/\\\/distillerielehmann.com\\\/en\\\/eaux-de-vie-prestige\\\/#breadcrumb\",\"itemListElement\":[{\"@type\":\"ListItem\",\"position\":1,\"name\":\"Accueil\",\"item\":\"https:\\\/\\\/distillerielehmann.com\\\/\"},{\"@type\":\"ListItem\",\"position\":2,\"name\":\"Excellence Eaux-de-Vie\"}]},{\"@type\":\"WebSite\",\"@id\":\"https:\\\/\\\/distillerielehmann.com\\\/#website\",\"url\":\"https:\\\/\\\/distillerielehmann.com\\\/\",\"name\":\"Distillerie Artisanale LEHMANN\",\"description\":\"Premi\u00e8re distillerie d\u2019Alsace depuis 1850\",\"publisher\":{\"@id\":\"https:\\\/\\\/distillerielehmann.com\\\/#organization\"},\"alternateName\":\"DALE\",\"potentialAction\":[{\"@type\":\"SearchAction\",\"target\":{\"@type\":\"EntryPoint\",\"urlTemplate\":\"https:\\\/\\\/distillerielehmann.com\\\/?s={search_term_string}\"},\"query-input\":{\"@type\":\"PropertyValueSpecification\",\"valueRequired\":true,\"valueName\":\"search_term_string\"}}],\"inLanguage\":\"en-US\"},{\"@type\":\"Organization\",\"@id\":\"https:\\\/\\\/distillerielehmann.com\\\/#organization\",\"name\":\"Distillerie Artisanale LEHMANN\",\"url\":\"https:\\\/\\\/distillerielehmann.com\\\/\",\"logo\":{\"@type\":\"ImageObject\",\"inLanguage\":\"en-US\",\"@id\":\"https:\\\/\\\/distillerielehmann.com\\\/#\\\/schema\\\/logo\\\/image\\\/\",\"url\":\"https:\\\/\\\/distillerielehmann.com\\\/wp-content\\\/uploads\\\/2026\\\/03\\\/lehmann_logo-avec-baseline_vertical_noir_RVB_696.jpg\",\"contentUrl\":\"https:\\\/\\\/distillerielehmann.com\\\/wp-content\\\/uploads\\\/2026\\\/03\\\/lehmann_logo-avec-baseline_vertical_noir_RVB_696.jpg\",\"width\":696,\"height\":696,\"caption\":\"Distillerie Artisanale LEHMANN\"},\"image\":{\"@id\":\"https:\\\/\\\/distillerielehmann.com\\\/#\\\/schema\\\/logo\\\/image\\\/\"},\"sameAs\":[\"https:\\\/\\\/www.facebook.com\\\/DistillerieLehmann\\\/\",\"https:\\\/\\\/www.linkedin.com\\\/company\\\/les-eaux-de-vie-j-et-m-lehmann\\\/\"]}]}<\/script>\n<!-- \/ Yoast SEO plugin. -->","yoast_head_json":{"title":"Excellence Eaux-de-Vie - Distillerie artisanale LEHMANN","description":"Eaux-de-vie issues de cuv\u00e9es exceptionnelles, seul le c\u0153ur de chauffe est destin\u00e9 au vieillissement, Poire Williams, Framboise sauvage...","robots":{"index":"index","follow":"follow","max-snippet":"max-snippet:-1","max-image-preview":"max-image-preview:large","max-video-preview":"max-video-preview:-1"},"canonical":"https:\/\/distillerielehmann.com\/en\/eaux-de-vie-prestige\/","og_locale":"en_US","og_type":"article","og_title":"Excellence Eaux-de-Vie - Distillerie artisanale LEHMANN","og_description":"Eaux-de-vie issues de cuv\u00e9es exceptionnelles, seul le c\u0153ur de chauffe est destin\u00e9 au vieillissement, Poire Williams, Framboise sauvage...","og_url":"https:\/\/distillerielehmann.com\/en\/eaux-de-vie-prestige\/","og_site_name":"Distillerie artisanale LEHMANN","article_publisher":"https:\/\/www.facebook.com\/DistillerieLehmann\/","article_modified_time":"2019-04-02T14:03:56+00:00","og_image":[{"width":1200,"height":675,"url":"https:\/\/distillerielehmann.com\/wp-content\/uploads\/2026\/03\/lehmann_logo-avec-baseline_vertical_noir_RVB.jpg","type":"image\/jpeg"}],"twitter_card":"summary_large_image","twitter_misc":{"Est. reading time":"2 minutes"},"schema":{"@context":"https:\/\/schema.org","@graph":[{"@type":"WebPage","@id":"https:\/\/distillerielehmann.com\/en\/eaux-de-vie-prestige\/","url":"https:\/\/distillerielehmann.com\/en\/eaux-de-vie-prestige\/","name":"Excellence Eaux-de-Vie - Distillerie artisanale LEHMANN","isPartOf":{"@id":"https:\/\/distillerielehmann.com\/#website"},"datePublished":"2017-10-16T13:57:21+00:00","dateModified":"2019-04-02T14:03:56+00:00","description":"Eaux-de-vie issues de cuv\u00e9es exceptionnelles, seul le c\u0153ur de chauffe est destin\u00e9 au vieillissement, Poire Williams, Framboise sauvage...","breadcrumb":{"@id":"https:\/\/distillerielehmann.com\/en\/eaux-de-vie-prestige\/#breadcrumb"},"inLanguage":"en-US","potentialAction":[{"@type":"ReadAction","target":["https:\/\/distillerielehmann.com\/en\/eaux-de-vie-prestige\/"]}]},{"@type":"BreadcrumbList","@id":"https:\/\/distillerielehmann.com\/en\/eaux-de-vie-prestige\/#breadcrumb","itemListElement":[{"@type":"ListItem","position":1,"name":"Accueil","item":"https:\/\/distillerielehmann.com\/"},{"@type":"ListItem","position":2,"name":"Excellence Eaux-de-Vie"}]},{"@type":"WebSite","@id":"https:\/\/distillerielehmann.com\/#website","url":"https:\/\/distillerielehmann.com\/","name":"Distillerie Artisanale LEHMANN","description":"Premi\u00e8re distillerie d\u2019Alsace depuis 1850","publisher":{"@id":"https:\/\/distillerielehmann.com\/#organization"},"alternateName":"DALE","potentialAction":[{"@type":"SearchAction","target":{"@type":"EntryPoint","urlTemplate":"https:\/\/distillerielehmann.com\/?s={search_term_string}"},"query-input":{"@type":"PropertyValueSpecification","valueRequired":true,"valueName":"search_term_string"}}],"inLanguage":"en-US"},{"@type":"Organization","@id":"https:\/\/distillerielehmann.com\/#organization","name":"Distillerie Artisanale LEHMANN","url":"https:\/\/distillerielehmann.com\/","logo":{"@type":"ImageObject","inLanguage":"en-US","@id":"https:\/\/distillerielehmann.com\/#\/schema\/logo\/image\/","url":"https:\/\/distillerielehmann.com\/wp-content\/uploads\/2026\/03\/lehmann_logo-avec-baseline_vertical_noir_RVB_696.jpg","contentUrl":"https:\/\/distillerielehmann.com\/wp-content\/uploads\/2026\/03\/lehmann_logo-avec-baseline_vertical_noir_RVB_696.jpg","width":696,"height":696,"caption":"Distillerie Artisanale LEHMANN"},"image":{"@id":"https:\/\/distillerielehmann.com\/#\/schema\/logo\/image\/"},"sameAs":["https:\/\/www.facebook.com\/DistillerieLehmann\/","https:\/\/www.linkedin.com\/company\/les-eaux-de-vie-j-et-m-lehmann\/"]}]}},"_links":{"self":[{"href":"https:\/\/distillerielehmann.com\/en\/wp-json\/wp\/v2\/pages\/2147","targetHints":{"allow":["GET"]}}],"collection":[{"href":"https:\/\/distillerielehmann.com\/en\/wp-json\/wp\/v2\/pages"}],"about":[{"href":"https:\/\/distillerielehmann.com\/en\/wp-json\/wp\/v2\/types\/page"}],"author":[{"embeddable":true,"href":"https:\/\/distillerielehmann.com\/en\/wp-json\/wp\/v2\/users\/1"}],"replies":[{"embeddable":true,"href":"https:\/\/distillerielehmann.com\/en\/wp-json\/wp\/v2\/comments?post=2147"}],"version-history":[{"count":8,"href":"https:\/\/distillerielehmann.com\/en\/wp-json\/wp\/v2\/pages\/2147\/revisions"}],"predecessor-version":[{"id":3228,"href":"https:\/\/distillerielehmann.com\/en\/wp-json\/wp\/v2\/pages\/2147\/revisions\/3228"}],"wp:attachment":[{"href":"https:\/\/distillerielehmann.com\/en\/wp-json\/wp\/v2\/media?parent=2147"}],"curies":[{"name":"wp","href":"https:\/\/api.w.org\/{rel}","templated":true}]}}