{"id":2136,"date":"2017-10-16T15:55:49","date_gmt":"2017-10-16T13:55:49","guid":{"rendered":"http:\/\/www.distillerielehmann.com\/?page_id=2136"},"modified":"2018-10-23T11:06:21","modified_gmt":"2018-10-23T09:06:21","slug":"exquise-tentation","status":"publish","type":"page","link":"https:\/\/distillerielehmann.com\/en\/collection-by-lehmann\/exquise-tentation\/","title":{"rendered":"Exquisive Temptation"},"content":{"rendered":"<div id=\"\" class=\"row\"><div class=\"desc_text_block col-md-10 col-md-offset-1\"><div class = \"content_center\"><div class=\"content\"><h2 class=\"title\">Fruits in eau-de-vie<\/h2><h3 class=\"sub_title\"><\/h3><\/p>\n<p>To keep the flavours of the summer fruits, our ancestors preserved them in eau-de-vie in order to be able to enjoy them in the winter period.<\/p>\n<p>Respectful of tradition, the Lehmann Distillery carries on this custom and offers you the choice of a wide range of fruits in eau-de-vie.<\/p>\n<p><section class='bg-accordion'><div class='container-fluid'><div classe='row'><div classe='col-md-12'><h2 class='title-accordion text-center' ><\/h2><div class='panel-group' id='accordion' role='tablist' aria-multiselectable='true'><\/p>\n<p><div class='panel panel-default'>\n    <div class='panel-heading' role='tab' id='headingadc9ad8795' style='background:url(\/wp-content\/uploads\/2016\/11\/GAMME-BOCAUX-50-CL.jpg) center center no-repeat!important;background-size:cover!important;'>\n      <h4 class='panel-title'>\n        <a class='collapsed' role='button' data-toggle='collapse' data-parent='#accordion' href='#collapseadc9ad8795' aria-expanded='false' aria-controls='collapseadc9ad8795'>\n          JARS OF FRUITS IN EAU-DE-VIE 50 CL\n          <span class='arrow_down'><\/span>\n        <\/a>\n      <\/h4>\n    <\/div>\n    <div id='collapseadc9ad8795' class='panel-collapse collapse' role='tabpanel' aria-labelledby='headingadc9ad8795'>\n      <div class='panel-body'>\n        <\/p>\n<h3>JARS OF FRUITS IN EAU-DE-VIE 50 CL<\/h3>\n<p><span class=\"bullet\"><\/span><\/p>\n<p><strong><em>Raspberry in raspberry eau-de-vie:<\/em><\/strong> \u00a0the raspberries are hand-picked by a small local producer who puts them directly into the jars to keep intact both the appearance and the flavour of the fruit. A lightly sweetened raspberry eau-de-vie is added to preserve the fruit and then time is necessary for the raspberries to soak up the eau-de-vie. Enjoy this delicacy just for the pleasure it gives you.<\/p>\n<p><span class=\"bullet\"><\/span><\/p>\n<p><em><strong>Blackberries in blackberry eau-de-vie:<\/strong> <\/em>same process of artisanal production as for raspberries.<\/p>\n<p><span class=\"bullet\"><\/span><\/p>\n<p><em><strong>Morello cherries in kirsch eau-de-vie:<\/strong> <\/em>\u00a0the cherries are picked directly from the tree and the stalks cut at approximately 2 cm, and then they are put in a lightly sweetened kirsch eau-de-vie. The cherries are neither candied nor stoned \u2013 they have a delicious, slightly acid taste. This delicacy is eaten just for pleasure. Your aperitifs can also be enhanced by these red fruits: they should be served in a Champagne or \u201cCr\u00e9mant\u201d (Alsatian sparkling wine) flute glass.<\/p>\n<p><span class=\"bullet\"><\/span><\/p>\n<p><em><strong>Reine-Claude (greengage) plums in plum eau-de-vie:<\/strong><\/em> the plums are very carefully harvested to keep the fruit intact and then placed delicately in the jars and covered with a plum eau-de-vie. It takes time for the plums to soak up the eau-de-vie. When ready, enjoy the delicacy just for pleasure or use it to enhance your desserts.<\/p>\n<p><span class=\"bullet\"><\/span><\/p>\n<p><div class=\"col-md-6 col-md-offset-3\"><div class=\"\" style=\"background:url(\/wp-content\/uploads\/2016\/11\/GAMME-BOCAUX-50-CL.jpg) no-repeat center center; background-size:cover; min-height:50vh!important;margin: 10px auto;\"><\/div><\/div><\/p>\n<p>\n      <\/div>\n    <\/div>\n  <\/div><\/p>\n<p><div class='panel panel-default'>\n    <div class='panel-heading' role='tab' id='headingd7e5f67dee' style='background:url(\/wp-content\/uploads\/2016\/11\/BOCAUX-EMPILABLES.jpg) center center no-repeat!important;background-size:cover!important;'>\n      <h4 class='panel-title'>\n        <a class='collapsed' role='button' data-toggle='collapse' data-parent='#accordion' href='#collapsed7e5f67dee' aria-expanded='false' aria-controls='collapsed7e5f67dee'>\n          STACKING JARS OF FRUIT\n          <span class='arrow_down'><\/span>\n        <\/a>\n      <\/h4>\n    <\/div>\n    <div id='collapsed7e5f67dee' class='panel-collapse collapse' role='tabpanel' aria-labelledby='headingd7e5f67dee'>\n      <div class='panel-body'>\n        <\/p>\n<h3>Stacking Jars of Red Fruit\u00a0 3 x 20 cl<\/h3>\n<p><span class=\"bullet\"><\/span><\/p>\n<p><em><strong>Raspberry in raspberry eau-de-vie:\u00a0<\/strong><\/em> the raspberries are hand-picked by a small local producer who puts them directly into the jars to keep intact both the appearance and the flavour of the fruit. A lightly sweetened raspberry eau-de-vie is added to preserve the fruit and then it takes time for the raspberries to soak up the eau-de-vie. Enjoy this delicacy just for the pleasure it gives you. It can also enhance your desserts.<\/p>\n<p><span class=\"bullet\"><\/span><\/p>\n<p><em><strong>Blackberries in blackberry eau-de-vie:<\/strong><\/em> same process of artisanal production as for raspberries.<\/p>\n<p><span class=\"bullet\"><\/span><\/p>\n<p><em><strong>Morello cherries in kirsch eau-de-vie:<\/strong><\/em>\u00a0 the cherries are picked directly from the tree and the stalks cut at approximately 2 cm, and then they are put in a lightly sweetened kirsch eau-de-vie. The cherries are neither candied nor stoned \u2013 they have a delicious, slightly acid taste. This delicacy is eaten just for pleasure. Your aperitifs can also be enhanced by these red fruits: they should be served in a champagne or \u201cCr\u00e9mant\u201d (Alsatian sparkling wine) flute glass.<\/p>\n<p><div class=\"col-md-6 col-md-offset-3\"><div class=\"\" style=\"background:url(\/wp-content\/uploads\/2016\/11\/BOCAUX-EMPILABLES.jpg) no-repeat center center; background-size:cover; min-height:50vh!important;margin: 10px auto;\"><\/div><\/div><\/p>\n<p>\n      <\/div>\n    <\/div>\n  <\/div><\/p>\n<p><div class='panel panel-default'>\n    <div class='panel-heading' role='tab' id='headingf4483679cf' style='background:url(\/wp-content\/uploads\/2016\/11\/BOCAUX-20-CL.jpg) center center no-repeat!important;background-size:cover!important;'>\n      <h4 class='panel-title'>\n        <a class='collapsed' role='button' data-toggle='collapse' data-parent='#accordion' href='#collapsef4483679cf' aria-expanded='false' aria-controls='collapsef4483679cf'>\n          JARS OF FRUITS IN EAU-DE-VIE 50 CL\n          <span class='arrow_down'><\/span>\n        <\/a>\n      <\/h4>\n    <\/div>\n    <div id='collapsef4483679cf' class='panel-collapse collapse' role='tabpanel' aria-labelledby='headingf4483679cf'>\n      <div class='panel-body'>\n        <\/p>\n<h3>THE RANGE OF \u201cOLD-STYLE\u201d JARS OF FRUIT<\/h3>\n<p><em><strong>Raspberry in raspberry eau-de-vie:\u00a0<\/strong><\/em> the raspberries are hand-picked by a small local producer who puts them directly into the jars to keep intact both the appearance and the flavour of the fruit. A lightly sweetened raspberry eau-de-vie is added to preserve the fruit and then it takes time for the raspberries to soak up the eau-de-vie. Enjoy this delicacy just for the pleasure it gives you.<\/p>\n<p><span class=\"bullet\"><\/span><\/p>\n<p><em><strong>Blackberries in blackberry eau-de-vie:<\/strong><\/em> same process of artisanal production as for raspberries.<\/p>\n<p><span class=\"bullet\"><\/span><\/p>\n<p><strong><em>Morello cherries in kirsch eau-de-vie:\u00a0<\/em><\/strong> the cherries are picked directly from the tree and the stalks cut at approximately 2 cm, and then they are put in a lightly sweetened kirsch eau-de-vie. The cherries are neither candied nor stoned \u2013 they have a delicious, slightly acid taste. This delicacy is eaten just for pleasure. Your aperitifs can also be enhanced by these red fruits: they should be served in a champagne or \u201cCr\u00e9mant\u201d (Alsatian sparkling wine) flute glass.<\/p>\n<p><span class=\"bullet\"><\/span><\/p>\n<p><em><strong>Reine-Claude (greengage) plums in plum eau-de-vie:<\/strong><\/em> the plums are very carefully harvested to keep the fruit intact and then placed delicately in the jars and covered with a plum eau-de-vie. It takes time for the plums to soak up the eau-de-vie. When ready, enjoy the delicacy just for pleasure or use it to enhance your desserts.<\/p>\n<p><div class=\"col-md-6 col-md-offset-3\"><div class=\"\" style=\"background:url(\/wp-content\/uploads\/2016\/11\/BOCAUX-20-CL.jpg) no-repeat center center; background-size:cover; min-height:50vh!important;margin: 10px auto;\"><\/div><\/div><\/p>\n<p>\n      <\/div>\n    <\/div>\n  <\/div><\/p>\n<p><\/div><\/div><\/div><\/div><\/section><br \/>\n<\/div><\/div><\/div><\/div>\n<div id=\"\" class=\"row\"><div class=\"img_cover_block col-md-12\"><div class=\"img_cover_medium\" style=\"background:url(\/wp-content\/uploads\/2016\/11\/NOUVELLE-PHOTOS-CHOCOLAT-MG-AUTRE-BOUCHONS.jpg) no-repeat center center; background-size:cover;background-attachment:fixed;background-position:bottom center!important;background-attachment:fixed;\"><br \/>\n<div class=\"inner_block animate_block  col-md-6 col-md-offset-3\" style=\"\"><div class = \"content_center black_box\"><div class=\"content\"><h2 class=\"title\">Chocolates corks Eau-de-vie<\/h2><h3 class=\"sub_title\"><\/h3><p><br \/>\n<\/p><\/div><\/div><\/div><br \/>\n<\/div><\/div><\/div>\n<div id=\"\" class=\"row\"><div class=\"desc_text_block col-md-10 col-md-offset-1\"><div class = \"content_center\"><div class=\"content\"><h2 class=\"title\">Chocolates with Eau-de-vie<\/h2><h3 class=\"sub_title\"><\/h3><\/p>\n<p>This collection of chocolate corks with eau-de-vie will seduce the discerning customer; the intense dark chocolate revealing to your taste buds the flavour of the eau-de-vie is a pure delight.<\/p>\n<p>Available in two flavours:<\/p>\n<p><span class=\"bullet\"><\/span><\/p>\n<p><strong>Raspberry:<\/strong><br \/>\ndark chocolate corks (70% cocoa), filled with raspberry eau-de-vie.<\/p>\n<p><span class=\"bullet\"><\/span><\/p>\n<p><strong>Alsatian Gewurztraminer Marc:<\/strong><br \/>\ndark chocolate corks (70% cocoa), filled with Alsatian Gewurztraminer Marc eau-de-vie.<\/p>\n<p>These chocolates are on sale from mid-September to the end of March.<\/p>\n<p><em>Gift presentation in an \u201cAlsatian Flute\u201d bottle 70 cl \u2013 the equivalent of 400 g of pure delight.<\/em><\/p>\n<p><div class=\"col-md-4 col-md-offset-4\"><div class=\"\" style=\"background:url(\/wp-content\/uploads\/2017\/08\/BOUCHONS-CHOCOLAT.jpg) no-repeat center center; background-size:cover; min-height:50vh!important;margin: 10px auto;\"><\/div><\/div><br \/>\n<\/div><\/div><\/div><\/div>\n<h2 style=\"text-align: center;\">Discover<\/h2>\n","protected":false},"excerpt":{"rendered":"<p>Discover<\/p>\n","protected":false},"author":1,"featured_media":1402,"parent":2128,"menu_order":5,"comment_status":"closed","ping_status":"closed","template":"default_nav_page.php","meta":{"_acf_changed":false,"footnotes":""},"class_list":["post-2136","page","type-page","status-publish","has-post-thumbnail","hentry"],"acf":[],"yoast_head":"<!-- This site is optimized with the Yoast SEO plugin v27.3 - https:\/\/yoast.com\/product\/yoast-seo-wordpress\/ -->\n<title>Exquisive Temptation - Distillerie artisanale LEHMANN<\/title>\n<meta name=\"description\" content=\"Les fruits \u00e0 l&#039;eau-de-vie, griottes, framboises, m\u00fbres...les chocolats au marc de gewurztraminer ou \u00e0 la framboise sont d&#039;exquises tentations.\" \/>\n<meta name=\"robots\" content=\"index, follow, max-snippet:-1, max-image-preview:large, max-video-preview:-1\" \/>\n<link rel=\"canonical\" href=\"https:\/\/distillerielehmann.com\/en\/collection-by-lehmann\/exquise-tentation\/\" \/>\n<meta property=\"og:locale\" content=\"en_US\" \/>\n<meta property=\"og:type\" content=\"article\" \/>\n<meta property=\"og:title\" content=\"Exquisive Temptation - Distillerie artisanale LEHMANN\" \/>\n<meta property=\"og:description\" content=\"Les fruits \u00e0 l&#039;eau-de-vie, griottes, framboises, m\u00fbres...les chocolats au marc de gewurztraminer ou \u00e0 la framboise sont d&#039;exquises tentations.\" \/>\n<meta property=\"og:url\" content=\"https:\/\/distillerielehmann.com\/en\/collection-by-lehmann\/exquise-tentation\/\" \/>\n<meta property=\"og:site_name\" content=\"Distillerie artisanale LEHMANN\" \/>\n<meta property=\"article:publisher\" content=\"https:\/\/www.facebook.com\/DistillerieLehmann\/\" \/>\n<meta property=\"article:modified_time\" content=\"2018-10-23T09:06:21+00:00\" \/>\n<meta property=\"og:image\" content=\"https:\/\/distillerielehmann.com\/wp-content\/uploads\/2016\/11\/GAMME-COMPLETE-BOCAUX-FRUITS.jpg\" \/>\n\t<meta property=\"og:image:width\" content=\"1920\" \/>\n\t<meta property=\"og:image:height\" content=\"1178\" \/>\n\t<meta property=\"og:image:type\" content=\"image\/jpeg\" \/>\n<meta name=\"twitter:card\" content=\"summary_large_image\" \/>\n<meta name=\"twitter:label1\" content=\"Est. reading time\" \/>\n\t<meta name=\"twitter:data1\" content=\"5 minutes\" \/>\n<script type=\"application\/ld+json\" class=\"yoast-schema-graph\">{\"@context\":\"https:\\\/\\\/schema.org\",\"@graph\":[{\"@type\":\"WebPage\",\"@id\":\"https:\\\/\\\/distillerielehmann.com\\\/en\\\/collection-by-lehmann\\\/exquise-tentation\\\/\",\"url\":\"https:\\\/\\\/distillerielehmann.com\\\/en\\\/collection-by-lehmann\\\/exquise-tentation\\\/\",\"name\":\"Exquisive Temptation - Distillerie artisanale LEHMANN\",\"isPartOf\":{\"@id\":\"https:\\\/\\\/distillerielehmann.com\\\/#website\"},\"primaryImageOfPage\":{\"@id\":\"https:\\\/\\\/distillerielehmann.com\\\/en\\\/collection-by-lehmann\\\/exquise-tentation\\\/#primaryimage\"},\"image\":{\"@id\":\"https:\\\/\\\/distillerielehmann.com\\\/en\\\/collection-by-lehmann\\\/exquise-tentation\\\/#primaryimage\"},\"thumbnailUrl\":\"https:\\\/\\\/distillerielehmann.com\\\/wp-content\\\/uploads\\\/2016\\\/11\\\/GAMME-COMPLETE-BOCAUX-FRUITS.jpg\",\"datePublished\":\"2017-10-16T13:55:49+00:00\",\"dateModified\":\"2018-10-23T09:06:21+00:00\",\"description\":\"Les fruits \u00e0 l'eau-de-vie, griottes, framboises, m\u00fbres...les chocolats au marc de gewurztraminer ou \u00e0 la framboise sont d'exquises tentations.\",\"breadcrumb\":{\"@id\":\"https:\\\/\\\/distillerielehmann.com\\\/en\\\/collection-by-lehmann\\\/exquise-tentation\\\/#breadcrumb\"},\"inLanguage\":\"en-US\",\"potentialAction\":[{\"@type\":\"ReadAction\",\"target\":[\"https:\\\/\\\/distillerielehmann.com\\\/en\\\/collection-by-lehmann\\\/exquise-tentation\\\/\"]}]},{\"@type\":\"ImageObject\",\"inLanguage\":\"en-US\",\"@id\":\"https:\\\/\\\/distillerielehmann.com\\\/en\\\/collection-by-lehmann\\\/exquise-tentation\\\/#primaryimage\",\"url\":\"https:\\\/\\\/distillerielehmann.com\\\/wp-content\\\/uploads\\\/2016\\\/11\\\/GAMME-COMPLETE-BOCAUX-FRUITS.jpg\",\"contentUrl\":\"https:\\\/\\\/distillerielehmann.com\\\/wp-content\\\/uploads\\\/2016\\\/11\\\/GAMME-COMPLETE-BOCAUX-FRUITS.jpg\",\"width\":1920,\"height\":1178},{\"@type\":\"BreadcrumbList\",\"@id\":\"https:\\\/\\\/distillerielehmann.com\\\/en\\\/collection-by-lehmann\\\/exquise-tentation\\\/#breadcrumb\",\"itemListElement\":[{\"@type\":\"ListItem\",\"position\":1,\"name\":\"Accueil\",\"item\":\"https:\\\/\\\/distillerielehmann.com\\\/\"},{\"@type\":\"ListItem\",\"position\":2,\"name\":\"Collection by Lehmann\",\"item\":\"https:\\\/\\\/distillerielehmann.com\\\/en\\\/collection-by-lehmann\\\/\"},{\"@type\":\"ListItem\",\"position\":3,\"name\":\"Exquisive Temptation\"}]},{\"@type\":\"WebSite\",\"@id\":\"https:\\\/\\\/distillerielehmann.com\\\/#website\",\"url\":\"https:\\\/\\\/distillerielehmann.com\\\/\",\"name\":\"Distillerie Artisanale LEHMANN\",\"description\":\"Premi\u00e8re distillerie d\u2019Alsace depuis 1850\",\"publisher\":{\"@id\":\"https:\\\/\\\/distillerielehmann.com\\\/#organization\"},\"alternateName\":\"DALE\",\"potentialAction\":[{\"@type\":\"SearchAction\",\"target\":{\"@type\":\"EntryPoint\",\"urlTemplate\":\"https:\\\/\\\/distillerielehmann.com\\\/?s={search_term_string}\"},\"query-input\":{\"@type\":\"PropertyValueSpecification\",\"valueRequired\":true,\"valueName\":\"search_term_string\"}}],\"inLanguage\":\"en-US\"},{\"@type\":\"Organization\",\"@id\":\"https:\\\/\\\/distillerielehmann.com\\\/#organization\",\"name\":\"Distillerie Artisanale LEHMANN\",\"url\":\"https:\\\/\\\/distillerielehmann.com\\\/\",\"logo\":{\"@type\":\"ImageObject\",\"inLanguage\":\"en-US\",\"@id\":\"https:\\\/\\\/distillerielehmann.com\\\/#\\\/schema\\\/logo\\\/image\\\/\",\"url\":\"https:\\\/\\\/distillerielehmann.com\\\/wp-content\\\/uploads\\\/2026\\\/03\\\/lehmann_logo-avec-baseline_vertical_noir_RVB_696.jpg\",\"contentUrl\":\"https:\\\/\\\/distillerielehmann.com\\\/wp-content\\\/uploads\\\/2026\\\/03\\\/lehmann_logo-avec-baseline_vertical_noir_RVB_696.jpg\",\"width\":696,\"height\":696,\"caption\":\"Distillerie Artisanale LEHMANN\"},\"image\":{\"@id\":\"https:\\\/\\\/distillerielehmann.com\\\/#\\\/schema\\\/logo\\\/image\\\/\"},\"sameAs\":[\"https:\\\/\\\/www.facebook.com\\\/DistillerieLehmann\\\/\",\"https:\\\/\\\/www.linkedin.com\\\/company\\\/les-eaux-de-vie-j-et-m-lehmann\\\/\"]}]}<\/script>\n<!-- \/ Yoast SEO plugin. -->","yoast_head_json":{"title":"Exquisive Temptation - Distillerie artisanale LEHMANN","description":"Les fruits \u00e0 l'eau-de-vie, griottes, framboises, m\u00fbres...les chocolats au marc de gewurztraminer ou \u00e0 la framboise sont d'exquises tentations.","robots":{"index":"index","follow":"follow","max-snippet":"max-snippet:-1","max-image-preview":"max-image-preview:large","max-video-preview":"max-video-preview:-1"},"canonical":"https:\/\/distillerielehmann.com\/en\/collection-by-lehmann\/exquise-tentation\/","og_locale":"en_US","og_type":"article","og_title":"Exquisive Temptation - Distillerie artisanale LEHMANN","og_description":"Les fruits \u00e0 l'eau-de-vie, griottes, framboises, m\u00fbres...les chocolats au marc de gewurztraminer ou \u00e0 la framboise sont d'exquises tentations.","og_url":"https:\/\/distillerielehmann.com\/en\/collection-by-lehmann\/exquise-tentation\/","og_site_name":"Distillerie artisanale LEHMANN","article_publisher":"https:\/\/www.facebook.com\/DistillerieLehmann\/","article_modified_time":"2018-10-23T09:06:21+00:00","og_image":[{"width":1920,"height":1178,"url":"https:\/\/distillerielehmann.com\/wp-content\/uploads\/2016\/11\/GAMME-COMPLETE-BOCAUX-FRUITS.jpg","type":"image\/jpeg"}],"twitter_card":"summary_large_image","twitter_misc":{"Est. reading time":"5 minutes"},"schema":{"@context":"https:\/\/schema.org","@graph":[{"@type":"WebPage","@id":"https:\/\/distillerielehmann.com\/en\/collection-by-lehmann\/exquise-tentation\/","url":"https:\/\/distillerielehmann.com\/en\/collection-by-lehmann\/exquise-tentation\/","name":"Exquisive Temptation - Distillerie artisanale LEHMANN","isPartOf":{"@id":"https:\/\/distillerielehmann.com\/#website"},"primaryImageOfPage":{"@id":"https:\/\/distillerielehmann.com\/en\/collection-by-lehmann\/exquise-tentation\/#primaryimage"},"image":{"@id":"https:\/\/distillerielehmann.com\/en\/collection-by-lehmann\/exquise-tentation\/#primaryimage"},"thumbnailUrl":"https:\/\/distillerielehmann.com\/wp-content\/uploads\/2016\/11\/GAMME-COMPLETE-BOCAUX-FRUITS.jpg","datePublished":"2017-10-16T13:55:49+00:00","dateModified":"2018-10-23T09:06:21+00:00","description":"Les fruits \u00e0 l'eau-de-vie, griottes, framboises, m\u00fbres...les chocolats au marc de gewurztraminer ou \u00e0 la framboise sont d'exquises tentations.","breadcrumb":{"@id":"https:\/\/distillerielehmann.com\/en\/collection-by-lehmann\/exquise-tentation\/#breadcrumb"},"inLanguage":"en-US","potentialAction":[{"@type":"ReadAction","target":["https:\/\/distillerielehmann.com\/en\/collection-by-lehmann\/exquise-tentation\/"]}]},{"@type":"ImageObject","inLanguage":"en-US","@id":"https:\/\/distillerielehmann.com\/en\/collection-by-lehmann\/exquise-tentation\/#primaryimage","url":"https:\/\/distillerielehmann.com\/wp-content\/uploads\/2016\/11\/GAMME-COMPLETE-BOCAUX-FRUITS.jpg","contentUrl":"https:\/\/distillerielehmann.com\/wp-content\/uploads\/2016\/11\/GAMME-COMPLETE-BOCAUX-FRUITS.jpg","width":1920,"height":1178},{"@type":"BreadcrumbList","@id":"https:\/\/distillerielehmann.com\/en\/collection-by-lehmann\/exquise-tentation\/#breadcrumb","itemListElement":[{"@type":"ListItem","position":1,"name":"Accueil","item":"https:\/\/distillerielehmann.com\/"},{"@type":"ListItem","position":2,"name":"Collection by Lehmann","item":"https:\/\/distillerielehmann.com\/en\/collection-by-lehmann\/"},{"@type":"ListItem","position":3,"name":"Exquisive Temptation"}]},{"@type":"WebSite","@id":"https:\/\/distillerielehmann.com\/#website","url":"https:\/\/distillerielehmann.com\/","name":"Distillerie Artisanale LEHMANN","description":"Premi\u00e8re distillerie d\u2019Alsace depuis 1850","publisher":{"@id":"https:\/\/distillerielehmann.com\/#organization"},"alternateName":"DALE","potentialAction":[{"@type":"SearchAction","target":{"@type":"EntryPoint","urlTemplate":"https:\/\/distillerielehmann.com\/?s={search_term_string}"},"query-input":{"@type":"PropertyValueSpecification","valueRequired":true,"valueName":"search_term_string"}}],"inLanguage":"en-US"},{"@type":"Organization","@id":"https:\/\/distillerielehmann.com\/#organization","name":"Distillerie Artisanale LEHMANN","url":"https:\/\/distillerielehmann.com\/","logo":{"@type":"ImageObject","inLanguage":"en-US","@id":"https:\/\/distillerielehmann.com\/#\/schema\/logo\/image\/","url":"https:\/\/distillerielehmann.com\/wp-content\/uploads\/2026\/03\/lehmann_logo-avec-baseline_vertical_noir_RVB_696.jpg","contentUrl":"https:\/\/distillerielehmann.com\/wp-content\/uploads\/2026\/03\/lehmann_logo-avec-baseline_vertical_noir_RVB_696.jpg","width":696,"height":696,"caption":"Distillerie Artisanale LEHMANN"},"image":{"@id":"https:\/\/distillerielehmann.com\/#\/schema\/logo\/image\/"},"sameAs":["https:\/\/www.facebook.com\/DistillerieLehmann\/","https:\/\/www.linkedin.com\/company\/les-eaux-de-vie-j-et-m-lehmann\/"]}]}},"_links":{"self":[{"href":"https:\/\/distillerielehmann.com\/en\/wp-json\/wp\/v2\/pages\/2136","targetHints":{"allow":["GET"]}}],"collection":[{"href":"https:\/\/distillerielehmann.com\/en\/wp-json\/wp\/v2\/pages"}],"about":[{"href":"https:\/\/distillerielehmann.com\/en\/wp-json\/wp\/v2\/types\/page"}],"author":[{"embeddable":true,"href":"https:\/\/distillerielehmann.com\/en\/wp-json\/wp\/v2\/users\/1"}],"replies":[{"embeddable":true,"href":"https:\/\/distillerielehmann.com\/en\/wp-json\/wp\/v2\/comments?post=2136"}],"version-history":[{"count":6,"href":"https:\/\/distillerielehmann.com\/en\/wp-json\/wp\/v2\/pages\/2136\/revisions"}],"predecessor-version":[{"id":2935,"href":"https:\/\/distillerielehmann.com\/en\/wp-json\/wp\/v2\/pages\/2136\/revisions\/2935"}],"up":[{"embeddable":true,"href":"https:\/\/distillerielehmann.com\/en\/wp-json\/wp\/v2\/pages\/2128"}],"wp:featuredmedia":[{"embeddable":true,"href":"https:\/\/distillerielehmann.com\/en\/wp-json\/wp\/v2\/media\/1402"}],"wp:attachment":[{"href":"https:\/\/distillerielehmann.com\/en\/wp-json\/wp\/v2\/media?parent=2136"}],"curies":[{"name":"wp","href":"https:\/\/api.w.org\/{rel}","templated":true}]}}