{"id":2132,"date":"2017-10-16T15:55:59","date_gmt":"2017-10-16T13:55:59","guid":{"rendered":"http:\/\/www.distillerielehmann.com\/?page_id=2132"},"modified":"2018-03-20T11:28:50","modified_gmt":"2018-03-20T10:28:50","slug":"eaux-de-vie","status":"publish","type":"page","link":"https:\/\/distillerielehmann.com\/en\/collection-by-lehmann\/eaux-de-vie\/","title":{"rendered":"Eaux-de-vie"},"content":{"rendered":"<div id=\"\" class=\"row\"><div class=\"desc_text_block col-md-10 col-md-offset-1\"><div class = \"content_center\"><div class=\"content\"><h2 class=\"title\">Eaux-de-vie<\/h2><h3 class=\"sub_title\">Fruit Eaux-de-vie aged for 3 years<\/h3><\/p>\n<p>The eaux-de-vie distilled by Yves Lehmann stand out due to their authentic and unique tastes which show off to perfection the best products of their \u201cterroir\u201d. They are the quintessence of the know-how handed down through 5 generations of the Lehmann family.<\/p>\n<p>The Lehmann distillery makes renowned eaux-de-vie which are an integral part of French Gastronomy, such as: Williams Pear, Raspberry, Old Plum, Kirsch, but also eaux-de-vie typical of our beautiful region of Alsace: Mirabelle, Quetsch, Alsatian Gewurztraminer Marc or Brewer\u2019s eau-de-vie (a distillation made from beer).<\/p>\n<p>Eaux-de-vie such as Wild Sloe, Elderberry, Hollyberry or Rowantree berry will delight the palates of the most discerning.<\/p>\n<p><section class='bg-accordion'><div class='container-fluid'><div classe='row'><div classe='col-md-12'><h2 class='title-accordion text-center' ><\/h2><div class='panel-group' id='accordion' role='tablist' aria-multiselectable='true'><br \/>\n<div class='panel panel-default'>\n    <div class='panel-heading' role='tab' id='heading0aa3c4333a' style='background:url(\/wp-content\/uploads\/2016\/08\/edv-tradition-1.jpg) center center no-repeat!important;background-size:cover!important;'>\n      <h4 class='panel-title'>\n        <a class='collapsed' role='button' data-toggle='collapse' data-parent='#accordion' href='#collapse0aa3c4333a' aria-expanded='false' aria-controls='collapse0aa3c4333a'>\n          Eaux-de-vie tradition\n          <span class='arrow_down'><\/span>\n        <\/a>\n      <\/h4>\n    <\/div>\n    <div id='collapse0aa3c4333a' class='panel-collapse collapse' role='tabpanel' aria-labelledby='heading0aa3c4333a'>\n      <div class='panel-body'>\n        <\/p>\n<p><span class=\"bullet\"><\/span>Wild Raspberry \u2013 45%vol. <span class=\"bullet\"><\/span>Williams Pear Grande R\u00e9serve \u2013 45%vol.<\/p>\n<p><span class=\"bullet\"><\/span>Old Plum \u2013 45%vol. <span class=\"bullet\"><\/span>Brasseur (Beer Eau-de-vie ) \u2013 40%vol.<\/p>\n<p>&nbsp;<\/p>\n<h3>These eaux-de-vie hall recently obtained an I.G.P<\/h3>\n<h4><strong>Indication G\u00e9ographique Prot\u00e9g\u00e9e (Protected Geographival Indication)<\/strong><\/h4>\n<p><span class=\"bullet\"><\/span> Alsatian Raspberry I.G.P \u2013 45%vol.<\/p>\n<p><span class=\"bullet\"><\/span> Alsatian Mirabelle Plum I.G.P \u2013 45%vol.<\/p>\n<p><span class=\"bullet\"><\/span> Alsatian Quetsch I.G.P \u2013 45%vol.<\/p>\n<p><span class=\"bullet\"><\/span> Alsatian Kirsch (Cherry) I.G.P \u2013 45%vol.<\/p>\n<p><div class=\"col-md-6\"><div class=\"\" style=\"background:url(\/wp-content\/uploads\/2017\/08\/PHOTO-IGP-EAU-DE-VIE-TRADITION.jpg) no-repeat center center; background-size:cover; min-height:50vh!important;margin: 10px auto;\"><\/div><\/div><br \/>\n<div class=\"col-md-6\"><div class=\"\" style=\"background:url(\/wp-content\/uploads\/2016\/08\/FLASQUE-10-CL-ET-20-CL-EDV-TRADITION-reduced.jpg) no-repeat center center; background-size:cover; min-height:50vh!important;margin: 10px auto;\"><\/div><\/div><br \/>\n<div class=\"col-md-12\"><div class=\"\" style=\"background:url(\/wp-content\/uploads\/2016\/08\/GAMME-MIGNONNETTE-3-CL-EAU-DE-VIE-TRADITION-reduced.jpg) no-repeat center center; background-size:cover; min-height:50vh!important;margin: 10px auto;\"><\/div><\/div><\/p>\n<p><div style=\"clear:both;\"><\/div><\/p>\n<p>&nbsp;<\/p>\n<div class=\"text-right\"><img decoding=\"async\" style=\"position: relative; float: initial; margin: auto;\" src=\"\/wp-content\/uploads\/2016\/08\/t\u00e9l\u00e9chargement.png\" \/><\/div>\n<h3>What is a Geographical Indication ?<\/h3>\n<p>The \u201cIndication G\u00e9ographique Prot\u00e9g\u00e9e\u201d (IGP) identifies an agricultural product whose quality and reputation are linked to its geographical origin. The IGP label is linked to a know-how; it protects the product at the national but also international level<\/p>\n<p>Our Eaux-de-vie which have obtained the IGP label are subject to strict conditions which give prominence to Alsace as their region of origin.<\/p>\n<p>\n      <\/div>\n    <\/div>\n  <\/div><\/p>\n<p><div class='panel panel-default'>\n    <div class='panel-heading' role='tab' id='heading575020d8ad' style='background:url(\/wp-content\/uploads\/2016\/08\/FLUTE-3-ANS-70-CL-e1480414294545.jpg) center center no-repeat!important;background-size:cover!important;'>\n      <h4 class='panel-title'>\n        <a class='collapsed' role='button' data-toggle='collapse' data-parent='#accordion' href='#collapse575020d8ad' aria-expanded='false' aria-controls='collapse575020d8ad'>\n          Marc Eaux-de-Vie\n          <span class='arrow_down'><\/span>\n        <\/a>\n      <\/h4>\n    <\/div>\n    <div id='collapse575020d8ad' class='panel-collapse collapse' role='tabpanel' aria-labelledby='heading575020d8ad'>\n      <div class='panel-body'>\n        <\/p>\n<p>One of the Lehmann Distillery\u2019s great specialities is the distillation of marc. During the grape harvest, we collect the grapes as soon as they have been pressed from the local wine-growers. Back at the distillery we separate the stalks from the crushed grapes so as to keep only the best part for fermentation. The grapes which have been crushed and sorted are then stocked in fermentation vats, but before these are closed, the grapes have to be trampled underfoot to eliminate a maximum of air to ensure a good fermentation. These vats are then left to stand for several weeks before the next stage, the distillation.<\/p>\n<p><strong><u>Our range includes different kinds of marc:<\/u><\/strong><\/p>\n<p><span class=\"bullet\"><\/span> Muscat Marc 45%vol.<\/p>\n<p><span class=\"bullet\"><\/span>Pinot Noir Marc 45%vol.<\/p>\n<p><span class=\"bullet\"><\/span>Klevener Marc (pink savagnin grape variety) 45%vol.<\/p>\n<p><span class=\"bullet\"><\/span>Gewurztraminer Marc 45%vol.<\/p>\n<p>The Gewurztraminer Marc meets the production conditions of the A.O.C Alsace.<\/p>\n<p><div class=\"col-md-4 col-md-offset-4\"><div class=\"\" style=\"background:url(\/wp-content\/uploads\/2016\/08\/Marc-dAlsace-Gewurztraminer-45-vol-70-cl-.jpg) no-repeat center center; background-size:cover; min-height:50vh!important;margin: 10px auto;\"><\/div><\/div><br \/>\n\n      <\/div>\n    <\/div>\n  <\/div><\/p>\n<p><div class='panel panel-default'>\n    <div class='panel-heading' role='tab' id='heading229c20162d' style='background:url(\/wp-content\/uploads\/2016\/08\/eaux-de-vie-rares-et-baies-.jpg) center center no-repeat!important;background-size:cover!important;'>\n      <h4 class='panel-title'>\n        <a class='collapsed' role='button' data-toggle='collapse' data-parent='#accordion' href='#collapse229c20162d' aria-expanded='false' aria-controls='collapse229c20162d'>\n          Rares and Berry Eaux-de-Vie\n          <span class='arrow_down'><\/span>\n        <\/a>\n      <\/h4>\n    <\/div>\n    <div id='collapse229c20162d' class='panel-collapse collapse' role='tabpanel' aria-labelledby='heading229c20162d'>\n      <div class='panel-body'>\n        <\/p>\n<p>These eaux-de-vie possess particular and exceptional qualities. The wild personality of some of them arouse in the imagination subtle scents and delicate tastes.<\/p>\n<p><span class=\"bullet\"><\/span>Beam three Berry \u2013 45%vol. <span class=\"bullet\"><\/span>Celery\u2013 45%vol.<\/p>\n<p><span class=\"bullet\"><\/span>Quince \u2013 45%vol. <span class=\"bullet\"><\/span>Rose hip \u2013 45%vol.<\/p>\n<p><span class=\"bullet\"><\/span>Holly Berry \u2013 45%vol. <span class=\"bullet\"><\/span>Black Berry \u2013 45%vol.<\/p>\n<p><span class=\"bullet\"><\/span>Bilberry\u2013 45%vol. <span class=\"bullet\"><\/span>Wild Sloe \u2013 45%vol.<\/p>\n<p><span class=\"bullet\"><\/span>Rowan Berry \u2013 45%vol. <span class=\"bullet\"><\/span>Elderberry\u2013 45%vol.<\/p>\n<p><span class=\"bullet\"><\/span>Ginger Spirit \u2013 45%vol.<\/p>\n<p><span class=\"bullet\"><\/span>Cedrat Spirit\u2013 45%vol.<\/p>\n<p>&nbsp;<\/p>\n<p><div class=\"col-md-4 col-md-offset-2\"><div class=\"\" style=\"background:url(\/wp-content\/uploads\/2016\/11\/EDV-3-ANS-70-CL-35-CL.jpg) no-repeat center center; background-size:cover; min-height:50vh!important;margin: 10px auto;\"><\/div><\/div><\/p>\n<p><div class=\"col-md-4\"><div class=\"\" style=\"background:url(\/wp-content\/uploads\/2016\/08\/MIGNONNETT-rares-et-baies.jpg) no-repeat center center; background-size:cover; min-height:50vh!important;margin: 10px auto;\"><\/div><\/div><\/p>\n<p>\n      <\/div>\n    <\/div>\n  <\/div><\/p>\n<p><div class='panel panel-default'>\n    <div class='panel-heading' role='tab' id='headingef400d4e97' style='background:url(\/wp-content\/uploads\/2016\/11\/NOUVEAU-COFFRET-ISIS-BI-COLOR-e1480414799876.jpg) center center no-repeat!important;background-size:cover!important;'>\n      <h4 class='panel-title'>\n        <a class='collapsed' role='button' data-toggle='collapse' data-parent='#accordion' href='#collapseef400d4e97' aria-expanded='false' aria-controls='collapseef400d4e97'>\n          GIFT BOX ISIS\n          <span class='arrow_down'><\/span>\n        <\/a>\n      <\/h4>\n    <\/div>\n    <div id='collapseef400d4e97' class='panel-collapse collapse' role='tabpanel' aria-labelledby='headingef400d4e97'>\n      <div class='panel-body'>\n        <\/p>\n<h3><\/h3>\n<h3>The great classics in a gift presentation<\/h3>\n<p>Obtained by double distillation in our copper stills, only the best part of the distillation process \u201cle C\u0153ur de Chauffe\u201d is kept to age a minimum of 3 years before being selected for bottling.<\/p>\n<p><span class=\"bullet\"><\/span>Raspberry \u2013 45%vol. <span class=\"bullet\"><\/span>Kirsch (Cherry)\u2013 45%vol.<\/p>\n<p><span class=\"bullet\"><\/span>Alsatian Gewurtzraminer Marc A.O.C \u2013 45%vol. <span class=\"bullet\"><\/span>Mirabelle Plum \u2013 45%vol.<\/p>\n<p><span class=\"bullet\"><\/span>Williams Pear\u2013 45%vol. <span class=\"bullet\"><\/span>Old Plum \u2013 45%vol.<\/p>\n<p>&nbsp;<\/p>\n<p><div class=\"col-md-6 col-md-offset-3\"><div class=\"\" style=\"background:url(\/wp-content\/uploads\/2017\/04\/NOUVEAU-COFFRET-ISIS-BI-COLOR-2.jpg) no-repeat center center; background-size:cover; min-height:50vh!important;margin: 10px auto;\"><\/div><\/div><\/p>\n<p>\n      <\/div>\n    <\/div>\n  <\/div><\/p>\n<p><div class='panel panel-default'>\n    <div class='panel-heading' role='tab' id='headingc7e1cd5758' style='background:url(\/wp-content\/uploads\/2016\/10\/GAMME-SIGNATURE--e1480414201621.jpg) center center no-repeat!important;background-size:cover!important;'>\n      <h4 class='panel-title'>\n        <a class='collapsed' role='button' data-toggle='collapse' data-parent='#accordion' href='#collapsec7e1cd5758' aria-expanded='false' aria-controls='collapsec7e1cd5758'>\n           Eaux-de-vie Signature by Lehmann\n          <span class='arrow_down'><\/span>\n        <\/a>\n      <\/h4>\n    <\/div>\n    <div id='collapsec7e1cd5758' class='panel-collapse collapse' role='tabpanel' aria-labelledby='headingc7e1cd5758'>\n      <div class='panel-body'>\n        <\/p>\n<p>Because each gift is unique, each moment shared is precious, the Lehmann Distillery, with its savoir-faire going back to 1850, has created for you an original collection with the art of giving in mind.<\/p>\n<p>Signature by Lehmann, invites you to discover a savoir-faire handed down from father to son for 5 generations and to enjoy sharing these exceptional moments with friends or family.<\/p>\n<p>This creation, in a limited edition, is a special selection of our top quality eaux-de-vie from the traditional range. You will find in them all the quintessence of the fruit distilled in an ancestral manner.<\/p>\n<p><span class=\"bullet\"><\/span>Wild Raspberry &#8211; 45%vol. <span class=\"bullet\"><\/span>Alsatian Mirabelle Plum &#8211; 45%vol.<\/p>\n<p><span class=\"bullet\"><\/span>Alsatian Gewurztraminer Marc &#8211; 45%vol. <span class=\"bullet\"><\/span>Williams Pear- 45%vol.<\/p>\n<p><span class=\"bullet\"><\/span>Old Plum- 45%vol.<\/p>\n<p>&nbsp;<\/p>\n<p><div class=\"col-md-6 col-md-offset-3\"><div class=\"\" style=\"background:url(\/wp-content\/uploads\/2017\/04\/GAMME-SIGNATURE-.jpg) no-repeat center center; background-size:cover; min-height:50vh!important;margin: 10px auto;\"><\/div><\/div><\/p>\n<p>\n      <\/div>\n    <\/div>\n  <\/div><br \/>\n<\/div><\/div><\/div><\/div><\/section><br \/>\n<\/div><\/div><\/div><\/div>\n<h2 class=\"title\" style=\"text-align: center;\">Discover<\/h2>\n<p>&nbsp;<\/p>\n","protected":false},"excerpt":{"rendered":"<p>Discover &nbsp;<\/p>\n","protected":false},"author":1,"featured_media":1408,"parent":2128,"menu_order":1,"comment_status":"closed","ping_status":"closed","template":"default_nav_page.php","meta":{"_acf_changed":false,"footnotes":""},"class_list":["post-2132","page","type-page","status-publish","has-post-thumbnail","hentry"],"acf":[],"yoast_head":"<!-- This site is optimized with the Yoast SEO plugin v27.3 - https:\/\/yoast.com\/product\/yoast-seo-wordpress\/ -->\n<title>Eaux-de-vie - Distillerie artisanale LEHMANN - nos classiques<\/title>\n<meta name=\"description\" content=\"D\u00e9couvrez nos eaux-de-vie de la gamme tradition, Poire Williams, Mirabelle, Framboise Sauvage ou d&#039;Alsace, Vieille Prune, Kirsch...\" \/>\n<meta name=\"robots\" content=\"index, follow, max-snippet:-1, max-image-preview:large, max-video-preview:-1\" \/>\n<link rel=\"canonical\" href=\"https:\/\/distillerielehmann.com\/en\/collection-by-lehmann\/eaux-de-vie\/\" \/>\n<meta property=\"og:locale\" content=\"en_US\" \/>\n<meta property=\"og:type\" content=\"article\" \/>\n<meta property=\"og:title\" content=\"Eaux-de-vie - Distillerie artisanale LEHMANN - nos classiques\" \/>\n<meta property=\"og:description\" content=\"D\u00e9couvrez nos eaux-de-vie de la gamme tradition, Poire Williams, Mirabelle, Framboise Sauvage ou d&#039;Alsace, Vieille Prune, Kirsch...\" \/>\n<meta property=\"og:url\" content=\"https:\/\/distillerielehmann.com\/en\/collection-by-lehmann\/eaux-de-vie\/\" \/>\n<meta property=\"og:site_name\" content=\"Distillerie artisanale LEHMANN\" \/>\n<meta property=\"article:publisher\" content=\"https:\/\/www.facebook.com\/DistillerieLehmann\/\" \/>\n<meta property=\"article:modified_time\" content=\"2018-03-20T10:28:50+00:00\" \/>\n<meta property=\"og:image\" content=\"https:\/\/distillerielehmann.com\/wp-content\/uploads\/2017\/08\/PHOTO-IGP-EAU-DE-VIE-TRADITION.jpg\" \/>\n\t<meta property=\"og:image:width\" content=\"1591\" \/>\n\t<meta property=\"og:image:height\" content=\"1670\" \/>\n\t<meta property=\"og:image:type\" content=\"image\/jpeg\" \/>\n<meta name=\"twitter:card\" content=\"summary_large_image\" \/>\n<meta name=\"twitter:label1\" content=\"Est. reading time\" \/>\n\t<meta name=\"twitter:data1\" content=\"4 minutes\" \/>\n<script type=\"application\/ld+json\" class=\"yoast-schema-graph\">{\"@context\":\"https:\\\/\\\/schema.org\",\"@graph\":[{\"@type\":\"WebPage\",\"@id\":\"https:\\\/\\\/distillerielehmann.com\\\/en\\\/collection-by-lehmann\\\/eaux-de-vie\\\/\",\"url\":\"https:\\\/\\\/distillerielehmann.com\\\/en\\\/collection-by-lehmann\\\/eaux-de-vie\\\/\",\"name\":\"Eaux-de-vie - Distillerie artisanale LEHMANN - nos classiques\",\"isPartOf\":{\"@id\":\"https:\\\/\\\/distillerielehmann.com\\\/#website\"},\"primaryImageOfPage\":{\"@id\":\"https:\\\/\\\/distillerielehmann.com\\\/en\\\/collection-by-lehmann\\\/eaux-de-vie\\\/#primaryimage\"},\"image\":{\"@id\":\"https:\\\/\\\/distillerielehmann.com\\\/en\\\/collection-by-lehmann\\\/eaux-de-vie\\\/#primaryimage\"},\"thumbnailUrl\":\"https:\\\/\\\/distillerielehmann.com\\\/wp-content\\\/uploads\\\/2017\\\/08\\\/PHOTO-IGP-EAU-DE-VIE-TRADITION.jpg\",\"datePublished\":\"2017-10-16T13:55:59+00:00\",\"dateModified\":\"2018-03-20T10:28:50+00:00\",\"description\":\"D\u00e9couvrez nos eaux-de-vie de la gamme tradition, Poire Williams, Mirabelle, Framboise Sauvage ou d'Alsace, Vieille Prune, Kirsch...\",\"breadcrumb\":{\"@id\":\"https:\\\/\\\/distillerielehmann.com\\\/en\\\/collection-by-lehmann\\\/eaux-de-vie\\\/#breadcrumb\"},\"inLanguage\":\"en-US\",\"potentialAction\":[{\"@type\":\"ReadAction\",\"target\":[\"https:\\\/\\\/distillerielehmann.com\\\/en\\\/collection-by-lehmann\\\/eaux-de-vie\\\/\"]}]},{\"@type\":\"ImageObject\",\"inLanguage\":\"en-US\",\"@id\":\"https:\\\/\\\/distillerielehmann.com\\\/en\\\/collection-by-lehmann\\\/eaux-de-vie\\\/#primaryimage\",\"url\":\"https:\\\/\\\/distillerielehmann.com\\\/wp-content\\\/uploads\\\/2017\\\/08\\\/PHOTO-IGP-EAU-DE-VIE-TRADITION.jpg\",\"contentUrl\":\"https:\\\/\\\/distillerielehmann.com\\\/wp-content\\\/uploads\\\/2017\\\/08\\\/PHOTO-IGP-EAU-DE-VIE-TRADITION.jpg\",\"width\":1591,\"height\":1670},{\"@type\":\"BreadcrumbList\",\"@id\":\"https:\\\/\\\/distillerielehmann.com\\\/en\\\/collection-by-lehmann\\\/eaux-de-vie\\\/#breadcrumb\",\"itemListElement\":[{\"@type\":\"ListItem\",\"position\":1,\"name\":\"Accueil\",\"item\":\"https:\\\/\\\/distillerielehmann.com\\\/\"},{\"@type\":\"ListItem\",\"position\":2,\"name\":\"Collection by Lehmann\",\"item\":\"https:\\\/\\\/distillerielehmann.com\\\/en\\\/collection-by-lehmann\\\/\"},{\"@type\":\"ListItem\",\"position\":3,\"name\":\"Eaux-de-vie\"}]},{\"@type\":\"WebSite\",\"@id\":\"https:\\\/\\\/distillerielehmann.com\\\/#website\",\"url\":\"https:\\\/\\\/distillerielehmann.com\\\/\",\"name\":\"Distillerie Artisanale LEHMANN\",\"description\":\"Premi\u00e8re distillerie d\u2019Alsace depuis 1850\",\"publisher\":{\"@id\":\"https:\\\/\\\/distillerielehmann.com\\\/#organization\"},\"alternateName\":\"DALE\",\"potentialAction\":[{\"@type\":\"SearchAction\",\"target\":{\"@type\":\"EntryPoint\",\"urlTemplate\":\"https:\\\/\\\/distillerielehmann.com\\\/?s={search_term_string}\"},\"query-input\":{\"@type\":\"PropertyValueSpecification\",\"valueRequired\":true,\"valueName\":\"search_term_string\"}}],\"inLanguage\":\"en-US\"},{\"@type\":\"Organization\",\"@id\":\"https:\\\/\\\/distillerielehmann.com\\\/#organization\",\"name\":\"Distillerie Artisanale LEHMANN\",\"url\":\"https:\\\/\\\/distillerielehmann.com\\\/\",\"logo\":{\"@type\":\"ImageObject\",\"inLanguage\":\"en-US\",\"@id\":\"https:\\\/\\\/distillerielehmann.com\\\/#\\\/schema\\\/logo\\\/image\\\/\",\"url\":\"https:\\\/\\\/distillerielehmann.com\\\/wp-content\\\/uploads\\\/2026\\\/03\\\/lehmann_logo-avec-baseline_vertical_noir_RVB_696.jpg\",\"contentUrl\":\"https:\\\/\\\/distillerielehmann.com\\\/wp-content\\\/uploads\\\/2026\\\/03\\\/lehmann_logo-avec-baseline_vertical_noir_RVB_696.jpg\",\"width\":696,\"height\":696,\"caption\":\"Distillerie Artisanale LEHMANN\"},\"image\":{\"@id\":\"https:\\\/\\\/distillerielehmann.com\\\/#\\\/schema\\\/logo\\\/image\\\/\"},\"sameAs\":[\"https:\\\/\\\/www.facebook.com\\\/DistillerieLehmann\\\/\",\"https:\\\/\\\/www.linkedin.com\\\/company\\\/les-eaux-de-vie-j-et-m-lehmann\\\/\"]}]}<\/script>\n<!-- \/ Yoast SEO plugin. -->","yoast_head_json":{"title":"Eaux-de-vie - Distillerie artisanale LEHMANN - nos classiques","description":"D\u00e9couvrez nos eaux-de-vie de la gamme tradition, Poire Williams, Mirabelle, Framboise Sauvage ou d'Alsace, Vieille Prune, Kirsch...","robots":{"index":"index","follow":"follow","max-snippet":"max-snippet:-1","max-image-preview":"max-image-preview:large","max-video-preview":"max-video-preview:-1"},"canonical":"https:\/\/distillerielehmann.com\/en\/collection-by-lehmann\/eaux-de-vie\/","og_locale":"en_US","og_type":"article","og_title":"Eaux-de-vie - Distillerie artisanale LEHMANN - nos classiques","og_description":"D\u00e9couvrez nos eaux-de-vie de la gamme tradition, Poire Williams, Mirabelle, Framboise Sauvage ou d'Alsace, Vieille Prune, Kirsch...","og_url":"https:\/\/distillerielehmann.com\/en\/collection-by-lehmann\/eaux-de-vie\/","og_site_name":"Distillerie artisanale LEHMANN","article_publisher":"https:\/\/www.facebook.com\/DistillerieLehmann\/","article_modified_time":"2018-03-20T10:28:50+00:00","og_image":[{"width":1591,"height":1670,"url":"https:\/\/distillerielehmann.com\/wp-content\/uploads\/2017\/08\/PHOTO-IGP-EAU-DE-VIE-TRADITION.jpg","type":"image\/jpeg"}],"twitter_card":"summary_large_image","twitter_misc":{"Est. reading time":"4 minutes"},"schema":{"@context":"https:\/\/schema.org","@graph":[{"@type":"WebPage","@id":"https:\/\/distillerielehmann.com\/en\/collection-by-lehmann\/eaux-de-vie\/","url":"https:\/\/distillerielehmann.com\/en\/collection-by-lehmann\/eaux-de-vie\/","name":"Eaux-de-vie - Distillerie artisanale LEHMANN - nos classiques","isPartOf":{"@id":"https:\/\/distillerielehmann.com\/#website"},"primaryImageOfPage":{"@id":"https:\/\/distillerielehmann.com\/en\/collection-by-lehmann\/eaux-de-vie\/#primaryimage"},"image":{"@id":"https:\/\/distillerielehmann.com\/en\/collection-by-lehmann\/eaux-de-vie\/#primaryimage"},"thumbnailUrl":"https:\/\/distillerielehmann.com\/wp-content\/uploads\/2017\/08\/PHOTO-IGP-EAU-DE-VIE-TRADITION.jpg","datePublished":"2017-10-16T13:55:59+00:00","dateModified":"2018-03-20T10:28:50+00:00","description":"D\u00e9couvrez nos eaux-de-vie de la gamme tradition, Poire Williams, Mirabelle, Framboise Sauvage ou d'Alsace, Vieille Prune, Kirsch...","breadcrumb":{"@id":"https:\/\/distillerielehmann.com\/en\/collection-by-lehmann\/eaux-de-vie\/#breadcrumb"},"inLanguage":"en-US","potentialAction":[{"@type":"ReadAction","target":["https:\/\/distillerielehmann.com\/en\/collection-by-lehmann\/eaux-de-vie\/"]}]},{"@type":"ImageObject","inLanguage":"en-US","@id":"https:\/\/distillerielehmann.com\/en\/collection-by-lehmann\/eaux-de-vie\/#primaryimage","url":"https:\/\/distillerielehmann.com\/wp-content\/uploads\/2017\/08\/PHOTO-IGP-EAU-DE-VIE-TRADITION.jpg","contentUrl":"https:\/\/distillerielehmann.com\/wp-content\/uploads\/2017\/08\/PHOTO-IGP-EAU-DE-VIE-TRADITION.jpg","width":1591,"height":1670},{"@type":"BreadcrumbList","@id":"https:\/\/distillerielehmann.com\/en\/collection-by-lehmann\/eaux-de-vie\/#breadcrumb","itemListElement":[{"@type":"ListItem","position":1,"name":"Accueil","item":"https:\/\/distillerielehmann.com\/"},{"@type":"ListItem","position":2,"name":"Collection by Lehmann","item":"https:\/\/distillerielehmann.com\/en\/collection-by-lehmann\/"},{"@type":"ListItem","position":3,"name":"Eaux-de-vie"}]},{"@type":"WebSite","@id":"https:\/\/distillerielehmann.com\/#website","url":"https:\/\/distillerielehmann.com\/","name":"Distillerie Artisanale LEHMANN","description":"Premi\u00e8re distillerie d\u2019Alsace depuis 1850","publisher":{"@id":"https:\/\/distillerielehmann.com\/#organization"},"alternateName":"DALE","potentialAction":[{"@type":"SearchAction","target":{"@type":"EntryPoint","urlTemplate":"https:\/\/distillerielehmann.com\/?s={search_term_string}"},"query-input":{"@type":"PropertyValueSpecification","valueRequired":true,"valueName":"search_term_string"}}],"inLanguage":"en-US"},{"@type":"Organization","@id":"https:\/\/distillerielehmann.com\/#organization","name":"Distillerie Artisanale LEHMANN","url":"https:\/\/distillerielehmann.com\/","logo":{"@type":"ImageObject","inLanguage":"en-US","@id":"https:\/\/distillerielehmann.com\/#\/schema\/logo\/image\/","url":"https:\/\/distillerielehmann.com\/wp-content\/uploads\/2026\/03\/lehmann_logo-avec-baseline_vertical_noir_RVB_696.jpg","contentUrl":"https:\/\/distillerielehmann.com\/wp-content\/uploads\/2026\/03\/lehmann_logo-avec-baseline_vertical_noir_RVB_696.jpg","width":696,"height":696,"caption":"Distillerie Artisanale LEHMANN"},"image":{"@id":"https:\/\/distillerielehmann.com\/#\/schema\/logo\/image\/"},"sameAs":["https:\/\/www.facebook.com\/DistillerieLehmann\/","https:\/\/www.linkedin.com\/company\/les-eaux-de-vie-j-et-m-lehmann\/"]}]}},"_links":{"self":[{"href":"https:\/\/distillerielehmann.com\/en\/wp-json\/wp\/v2\/pages\/2132","targetHints":{"allow":["GET"]}}],"collection":[{"href":"https:\/\/distillerielehmann.com\/en\/wp-json\/wp\/v2\/pages"}],"about":[{"href":"https:\/\/distillerielehmann.com\/en\/wp-json\/wp\/v2\/types\/page"}],"author":[{"embeddable":true,"href":"https:\/\/distillerielehmann.com\/en\/wp-json\/wp\/v2\/users\/1"}],"replies":[{"embeddable":true,"href":"https:\/\/distillerielehmann.com\/en\/wp-json\/wp\/v2\/comments?post=2132"}],"version-history":[{"count":6,"href":"https:\/\/distillerielehmann.com\/en\/wp-json\/wp\/v2\/pages\/2132\/revisions"}],"predecessor-version":[{"id":2731,"href":"https:\/\/distillerielehmann.com\/en\/wp-json\/wp\/v2\/pages\/2132\/revisions\/2731"}],"up":[{"embeddable":true,"href":"https:\/\/distillerielehmann.com\/en\/wp-json\/wp\/v2\/pages\/2128"}],"wp:featuredmedia":[{"embeddable":true,"href":"https:\/\/distillerielehmann.com\/en\/wp-json\/wp\/v2\/media\/1408"}],"wp:attachment":[{"href":"https:\/\/distillerielehmann.com\/en\/wp-json\/wp\/v2\/media?parent=2132"}],"curies":[{"name":"wp","href":"https:\/\/api.w.org\/{rel}","templated":true}]}}